{"id":1257,"date":"2020-10-13T16:18:06","date_gmt":"2020-10-13T14:18:06","guid":{"rendered":"https:\/\/perladelsud.pl\/?page_id=1257"},"modified":"2020-12-31T09:22:58","modified_gmt":"2020-12-31T08:22:58","slug":"1257-2","status":"publish","type":"page","link":"https:\/\/perladelsud.pl\/index.php\/pl\/137-2\/1257-2\/","title":{"rendered":"Reproduktor Tandu by Aralezo Saga"},"content":{"rendered":"<div>\n<p>Ma\u015b\u0107: czarno-bia\u0142o-z\u0142ota<br \/>\nUrodzony: 18.05.2018<br \/>\nOjciec: Bentley Zolotaya Imperia<br \/>\nMatka: Aleks Femili Tina Rossi Lux Flower<\/p>\n<p>Tandu samczyk sprowadzony z Litwy, po bardzo utytu\u0142owanych rodzicach. Zr\u00f3wnowa\u017cona psychika, chce by lepszy od innych \ud83d\ude09 dlatego ch\u0119tnie wykonuje polecenia i \u015bwietnie prezentuje si\u0119 na wystawach.<\/p>\n<p>Osi\u0105gni\u0119cia wystawowe:<\/p>\n<ul>\n<li>Rzesz\u00f3w: Zwyci\u0119zca M\u0142odzie\u017cy, Najlepszy Junior w Rasie, Zwyci\u0119zca Rasy, ocena: doskona\u0142a lok 1<\/li>\n<li>Bytom: Najlepszy Junior w Rasie, Zwyci\u0119zca P\u0142ci Przeciwnej , ocena: doskona\u0142a lok 1<\/li>\n<li>Krak\u00f3w: Zwyci\u0119zca M\u0142odzie\u017cy, Najlepszy Junior w Rasie, Zwyci\u0119zca Rasy, ocena: doskona\u0142a lok 1<\/li>\n<li>Rybnik: Najlepszy Doros\u0142y Pies, Zwyci\u0119zca P\u0142ci Przeciwnej, CWC, ocena: doskona\u0142a lok 1<\/li>\n<li>Zabrze: Najlepszy Doros\u0142y Pies, Zwyci\u0119zca Rasy, CWC, doskona\u0142a lok 1<\/li>\n<li>Zabrze: Najlepszy Doros\u0142y Pies, Zwyci\u0119zca P\u0142ci Przeciwnej CWC, doskona\u0142a lok 1<\/li>\n<li>Zabrze: Najlepszy Doros\u0142y Pies, Zwyci\u0119zca P\u0142ci Przeciwnej CWC, doskona\u0142a lok 1<\/li>\n<li>Zabrze: CWC, doskona\u0142a lok 1<\/li>\n<\/ul>\n<p>Tytu\u0142y:<\/p>\n<ul>\n<li>M\u0141ODZIE\u017bOWY CHAMPION POLSKI<\/li>\n<li>CHAMPION POLSKI<\/li>\n<li>2x Zwyci\u0119zca M\u0142odzie\u017cy<\/li>\n<li>3x Junior BOB<\/li>\n<li>4x BOS<\/li>\n<li>3x BOB<\/li>\n<li>4x Najlepszy Doros\u0142y Pies<\/li>\n<li>5x CWC<\/li>\n<\/ul>\n\n\t\t<style type=\"text\/css\">\n\t\t\t#gallery-1 {\n\t\t\t\tmargin: auto;\n\t\t\t}\n\t\t\t#gallery-1 .gallery-item {\n\t\t\t\tfloat: left;\n\t\t\t\tmargin-top: 10px;\n\t\t\t\ttext-align: center;\n\t\t\t\twidth: 50%;\n\t\t\t}\n\t\t\t#gallery-1 img {\n\t\t\t\tborder: 2px solid #cfcfcf;\n\t\t\t}\n\t\t\t#gallery-1 .gallery-caption {\n\t\t\t\tmargin-left: 0;\n\t\t\t}\n\t\t\t\/* see gallery_shortcode() in wp-includes\/media.php *\/\n\t\t<\/style>\n\t\t<div id='gallery-1' class='gallery galleryid-1257 gallery-columns-2 gallery-size-medium'><dl class='gallery-item'>\n\t\t\t<dt class='gallery-icon landscape'>\n\t\t\t\t<a href='https:\/\/perladelsud.pl\/wp-content\/uploads\/2020\/10\/szecz-490.jpg'><img width=\"300\" height=\"274\" src=\"https:\/\/perladelsud.pl\/wp-content\/uploads\/2020\/10\/szecz-490-300x274.jpg\" class=\"attachment-medium size-medium\" alt=\"\" decoding=\"async\" loading=\"lazy\" aria-describedby=\"gallery-1-1248\" srcset=\"https:\/\/perladelsud.pl\/wp-content\/uploads\/2020\/10\/szecz-490-300x274.jpg 300w, https:\/\/perladelsud.pl\/wp-content\/uploads\/2020\/10\/szecz-490-768x702.jpg 768w, https:\/\/perladelsud.pl\/wp-content\/uploads\/2020\/10\/szecz-490.jpg 840w\" sizes=\"(max-width: 300px) 100vw, 300px\" \/><\/a>\n\t\t\t<\/dt>\n\t\t\t\t<dd class='wp-caption-text gallery-caption' id='gallery-1-1248'>\n\t\t\t\tOjciec: Tandu by Aralezo Saga\n\t\t\t\t<\/dd><\/dl><dl class='gallery-item'>\n\t\t\t<dt class='gallery-icon landscape'>\n\t\t\t\t<a href='https:\/\/perladelsud.pl\/wp-content\/uploads\/2020\/10\/szecz-494.jpg'><img width=\"300\" height=\"296\" src=\"https:\/\/perladelsud.pl\/wp-content\/uploads\/2020\/10\/szecz-494-300x296.jpg\" class=\"attachment-medium size-medium\" alt=\"\" decoding=\"async\" loading=\"lazy\" srcset=\"https:\/\/perladelsud.pl\/wp-content\/uploads\/2020\/10\/szecz-494-300x296.jpg 300w, https:\/\/perladelsud.pl\/wp-content\/uploads\/2020\/10\/szecz-494-768x759.jpg 768w, https:\/\/perladelsud.pl\/wp-content\/uploads\/2020\/10\/szecz-494.jpg 810w\" sizes=\"(max-width: 300px) 100vw, 300px\" \/><\/a>\n\t\t\t<\/dt><\/dl><br style=\"clear: both\" \/><dl class='gallery-item'>\n\t\t\t<dt class='gallery-icon portrait'>\n\t\t\t\t<a href='https:\/\/perladelsud.pl\/wp-content\/uploads\/2020\/10\/szecz-497.jpg'><img width=\"269\" height=\"300\" src=\"https:\/\/perladelsud.pl\/wp-content\/uploads\/2020\/10\/szecz-497-269x300.jpg\" class=\"attachment-medium size-medium\" alt=\"\" decoding=\"async\" loading=\"lazy\" srcset=\"https:\/\/perladelsud.pl\/wp-content\/uploads\/2020\/10\/szecz-497-269x300.jpg 269w, https:\/\/perladelsud.pl\/wp-content\/uploads\/2020\/10\/szecz-497.jpg 720w\" sizes=\"(max-width: 269px) 100vw, 269px\" \/><\/a>\n\t\t\t<\/dt><\/dl><dl class='gallery-item'>\n\t\t\t<dt class='gallery-icon portrait'>\n\t\t\t\t<a href='https:\/\/perladelsud.pl\/wp-content\/uploads\/2020\/12\/PKR_RN-587_RLSVK_BYT_0156_18-CHPL1.png'><img width=\"212\" height=\"300\" src=\"https:\/\/perladelsud.pl\/wp-content\/uploads\/2020\/12\/PKR_RN-587_RLSVK_BYT_0156_18-CHPL1-212x300.png\" class=\"attachment-medium size-medium\" alt=\"\" decoding=\"async\" loading=\"lazy\" srcset=\"https:\/\/perladelsud.pl\/wp-content\/uploads\/2020\/12\/PKR_RN-587_RLSVK_BYT_0156_18-CHPL1-212x300.png 212w, https:\/\/perladelsud.pl\/wp-content\/uploads\/2020\/12\/PKR_RN-587_RLSVK_BYT_0156_18-CHPL1-724x1024.png 724w, https:\/\/perladelsud.pl\/wp-content\/uploads\/2020\/12\/PKR_RN-587_RLSVK_BYT_0156_18-CHPL1-768x1086.png 768w, https:\/\/perladelsud.pl\/wp-content\/uploads\/2020\/12\/PKR_RN-587_RLSVK_BYT_0156_18-CHPL1-1086x1536.png 1086w, https:\/\/perladelsud.pl\/wp-content\/uploads\/2020\/12\/PKR_RN-587_RLSVK_BYT_0156_18-CHPL1-1448x2048.png 1448w\" sizes=\"(max-width: 212px) 100vw, 212px\" \/><\/a>\n\t\t\t<\/dt><\/dl><br style=\"clear: both\" \/><dl class='gallery-item'>\n\t\t\t<dt class='gallery-icon portrait'>\n\t\t\t\t<a href='https:\/\/perladelsud.pl\/wp-content\/uploads\/2020\/12\/PKR_RN-587_RLSVK_BYT_0156_18-MLCHPL-21.png'><img width=\"212\" height=\"300\" src=\"https:\/\/perladelsud.pl\/wp-content\/uploads\/2020\/12\/PKR_RN-587_RLSVK_BYT_0156_18-MLCHPL-21-212x300.png\" class=\"attachment-medium size-medium\" alt=\"\" decoding=\"async\" loading=\"lazy\" srcset=\"https:\/\/perladelsud.pl\/wp-content\/uploads\/2020\/12\/PKR_RN-587_RLSVK_BYT_0156_18-MLCHPL-21-212x300.png 212w, https:\/\/perladelsud.pl\/wp-content\/uploads\/2020\/12\/PKR_RN-587_RLSVK_BYT_0156_18-MLCHPL-21-724x1024.png 724w, https:\/\/perladelsud.pl\/wp-content\/uploads\/2020\/12\/PKR_RN-587_RLSVK_BYT_0156_18-MLCHPL-21-768x1086.png 768w, https:\/\/perladelsud.pl\/wp-content\/uploads\/2020\/12\/PKR_RN-587_RLSVK_BYT_0156_18-MLCHPL-21-1086x1536.png 1086w, https:\/\/perladelsud.pl\/wp-content\/uploads\/2020\/12\/PKR_RN-587_RLSVK_BYT_0156_18-MLCHPL-21-1448x2048.png 1448w\" sizes=\"(max-width: 212px) 100vw, 212px\" \/><\/a>\n\t\t\t<\/dt><\/dl>\n\t\t\t<br style='clear: both' \/>\n\t\t<\/div>\n\n<p><a href=\"http:\/\/ingrus.net\/biewer\/en\/details\/21024\"><img decoding=\"async\" loading=\"lazy\" class=\"alignnone wp-image-1271\" src=\"https:\/\/perladelsud.pl\/wp-content\/uploads\/2020\/10\/tandu-baner-300x17.png\" alt=\"\" width=\"463\" height=\"43\" \/><\/a><\/p>\n<\/div>\n","protected":false},"excerpt":{"rendered":"<p>Ma\u015b\u0107: czarno-bia\u0142o-z\u0142ota Urodzony: 18.05.2018 Ojciec: Bentley Zolotaya Imperia Matka: Aleks Femili Tina Rossi Lux Flower Tandu samczyk sprowadzony z Litwy, po bardzo utytu\u0142owanych rodzicach. Zr\u00f3wnowa\u017cona psychika, chce by lepszy od <a class=\"more-link\" href=\"https:\/\/perladelsud.pl\/index.php\/pl\/137-2\/1257-2\/\">Continue Reading \u2192<\/a><\/p>\n","protected":false},"author":1,"featured_media":0,"parent":137,"menu_order":6,"comment_status":"closed","ping_status":"closed","template":"","meta":[],"_links":{"self":[{"href":"https:\/\/perladelsud.pl\/index.php\/wp-json\/wp\/v2\/pages\/1257"}],"collection":[{"href":"https:\/\/perladelsud.pl\/index.php\/wp-json\/wp\/v2\/pages"}],"about":[{"href":"https:\/\/perladelsud.pl\/index.php\/wp-json\/wp\/v2\/types\/page"}],"author":[{"embeddable":true,"href":"https:\/\/perladelsud.pl\/index.php\/wp-json\/wp\/v2\/users\/1"}],"replies":[{"embeddable":true,"href":"https:\/\/perladelsud.pl\/index.php\/wp-json\/wp\/v2\/comments?post=1257"}],"version-history":[{"count":5,"href":"https:\/\/perladelsud.pl\/index.php\/wp-json\/wp\/v2\/pages\/1257\/revisions"}],"predecessor-version":[{"id":1378,"href":"https:\/\/perladelsud.pl\/index.php\/wp-json\/wp\/v2\/pages\/1257\/revisions\/1378"}],"up":[{"embeddable":true,"href":"https:\/\/perladelsud.pl\/index.php\/wp-json\/wp\/v2\/pages\/137"}],"wp:attachment":[{"href":"https:\/\/perladelsud.pl\/index.php\/wp-json\/wp\/v2\/media?parent=1257"}],"curies":[{"name":"wp","href":"https:\/\/api.w.org\/{rel}","templated":true}]}}