{"id":1474,"date":"2021-09-16T14:40:53","date_gmt":"2021-09-16T12:40:53","guid":{"rendered":"https:\/\/perladelsud.pl\/?page_id=1474"},"modified":"2021-09-16T14:42:50","modified_gmt":"2021-09-16T12:42:50","slug":"miot-u-urodzony-08-06-2021-1-samiec","status":"publish","type":"page","link":"https:\/\/perladelsud.pl\/index.php\/pl\/miot-u-urodzony-08-06-2021-1-samiec\/","title":{"rendered":"Miot U urodzony 08.06.2021"},"content":{"rendered":"<p><strong>Miot U <\/strong>urodzony 08.06.2021 : 1 samiec<\/p>\n<p>Rodzice szczeni\u0105t to:<br \/>\nMatka :Betina Perla del Sud (FCI)<br \/>\nOjciec: Tandu by Aralezo Saga(FCI) Miot R i S<\/p>\n\n\t\t<style type=\"text\/css\">\n\t\t\t#gallery-1 {\n\t\t\t\tmargin: auto;\n\t\t\t}\n\t\t\t#gallery-1 .gallery-item {\n\t\t\t\tfloat: left;\n\t\t\t\tmargin-top: 10px;\n\t\t\t\ttext-align: center;\n\t\t\t\twidth: 50%;\n\t\t\t}\n\t\t\t#gallery-1 img {\n\t\t\t\tborder: 2px solid #cfcfcf;\n\t\t\t}\n\t\t\t#gallery-1 .gallery-caption {\n\t\t\t\tmargin-left: 0;\n\t\t\t}\n\t\t\t\/* see gallery_shortcode() in wp-includes\/media.php *\/\n\t\t<\/style>\n\t\t<div id='gallery-1' class='gallery galleryid-1474 gallery-columns-2 gallery-size-medium'><dl class='gallery-item'>\n\t\t\t<dt class='gallery-icon landscape'>\n\t\t\t\t<a href='https:\/\/perladelsud.pl\/wp-content\/uploads\/2021\/09\/HAPRUN-227.jpg'><img width=\"300\" height=\"256\" src=\"https:\/\/perladelsud.pl\/wp-content\/uploads\/2021\/09\/HAPRUN-227-300x256.jpg\" class=\"attachment-medium size-medium\" alt=\"\" decoding=\"async\" loading=\"lazy\" aria-describedby=\"gallery-1-1458\" srcset=\"https:\/\/perladelsud.pl\/wp-content\/uploads\/2021\/09\/HAPRUN-227-300x256.jpg 300w, https:\/\/perladelsud.pl\/wp-content\/uploads\/2021\/09\/HAPRUN-227-768x656.jpg 768w, https:\/\/perladelsud.pl\/wp-content\/uploads\/2021\/09\/HAPRUN-227.jpg 899w\" sizes=\"(max-width: 300px) 100vw, 300px\" \/><\/a>\n\t\t\t<\/dt>\n\t\t\t\t<dd class='wp-caption-text gallery-caption' id='gallery-1-1458'>\n\t\t\t\tU&#8221;Fado Perla del Sud (FCI)  mieszka w Warszawie , ze swoj\u0105 p\u00f3\u0142siostr\u0105 Ruby\n\t\t\t\t<\/dd><\/dl>\n\t\t\t<br style='clear: both' \/>\n\t\t<\/div>\n\n","protected":false},"excerpt":{"rendered":"<p>Miot U urodzony 08.06.2021 : 1 samiec Rodzice szczeni\u0105t to: Matka :Betina Perla del Sud (FCI) Ojciec: Tandu by Aralezo Saga(FCI) Miot R i S<\/p>\n","protected":false},"author":1,"featured_media":0,"parent":0,"menu_order":0,"comment_status":"closed","ping_status":"closed","template":"","meta":[],"_links":{"self":[{"href":"https:\/\/perladelsud.pl\/index.php\/wp-json\/wp\/v2\/pages\/1474"}],"collection":[{"href":"https:\/\/perladelsud.pl\/index.php\/wp-json\/wp\/v2\/pages"}],"about":[{"href":"https:\/\/perladelsud.pl\/index.php\/wp-json\/wp\/v2\/types\/page"}],"author":[{"embeddable":true,"href":"https:\/\/perladelsud.pl\/index.php\/wp-json\/wp\/v2\/users\/1"}],"replies":[{"embeddable":true,"href":"https:\/\/perladelsud.pl\/index.php\/wp-json\/wp\/v2\/comments?post=1474"}],"version-history":[{"count":2,"href":"https:\/\/perladelsud.pl\/index.php\/wp-json\/wp\/v2\/pages\/1474\/revisions"}],"predecessor-version":[{"id":1483,"href":"https:\/\/perladelsud.pl\/index.php\/wp-json\/wp\/v2\/pages\/1474\/revisions\/1483"}],"wp:attachment":[{"href":"https:\/\/perladelsud.pl\/index.php\/wp-json\/wp\/v2\/media?parent=1474"}],"curies":[{"name":"wp","href":"https:\/\/api.w.org\/{rel}","templated":true}]}}