{"id":1633,"date":"2021-11-11T11:35:33","date_gmt":"2021-11-11T10:35:33","guid":{"rendered":"https:\/\/perladelsud.pl\/?page_id=1633"},"modified":"2021-11-11T12:07:39","modified_gmt":"2021-11-11T11:07:39","slug":"suczka-niki-perla-del-sud","status":"publish","type":"page","link":"https:\/\/perladelsud.pl\/index.php\/pl\/137-2\/suczka-niki-perla-del-sud\/","title":{"rendered":"Suczka Niki Perla del Sud"},"content":{"rendered":"<p>Ma\u015b\u0107: czarno-bia\u0142o-z\u0142ota<\/p>\n<p>Urodzona: 16.08.2019<\/p>\n<p>Ojciec Andre Mademoiselle Iwet<\/p>\n<p>Matka: Suzanne Prinzess Klan Biewer Rott<\/p>\n<p>Niki to suczka urodzona w naszej hodowli, uwielbia si\u0119 przytula\u0107.<br \/>\nUprawnienia hodowlane uzyska\u0142a na przegl\u0105dzie hodowlanym i bardzo \u0142adny opis:<br \/>\nTypowa suka o bardzo dobrych proporcjach, mocna g\u0142owa , dobre oko i szyja, mocna ko\u015b\u0107. Bardzo dobra w ruchu, dobrze osadzony i noszony ogon. Dobry gatunek szaty, bardzo dobry charakter<\/p>\n<p>Osi\u0105gni\u0119cia wystawowe:<\/p>\n<ul>\n<li>Zabrze: Zwyci\u0119zca M\u0142odzie\u017cy, ocena; doskona\u0142a lok. 1<\/li>\n<li>Zabrze: Zwyci\u0119zca M\u0142odzie\u017cy, ocena; doskona\u0142a lok. 1<\/li>\n<\/ul>\n<p>&nbsp;<\/p>\n<p>Tytu\u0142y:<\/p>\n<ul>\n<li>2x Junior BOB<\/li>\n<\/ul>\n\n\t\t<style type=\"text\/css\">\n\t\t\t#gallery-1 {\n\t\t\t\tmargin: auto;\n\t\t\t}\n\t\t\t#gallery-1 .gallery-item {\n\t\t\t\tfloat: left;\n\t\t\t\tmargin-top: 10px;\n\t\t\t\ttext-align: center;\n\t\t\t\twidth: 50%;\n\t\t\t}\n\t\t\t#gallery-1 img {\n\t\t\t\tborder: 2px solid #cfcfcf;\n\t\t\t}\n\t\t\t#gallery-1 .gallery-caption {\n\t\t\t\tmargin-left: 0;\n\t\t\t}\n\t\t\t\/* see gallery_shortcode() in wp-includes\/media.php *\/\n\t\t<\/style>\n\t\t<div id='gallery-1' class='gallery galleryid-1633 gallery-columns-2 gallery-size-medium'><dl class='gallery-item'>\n\t\t\t<dt class='gallery-icon landscape'>\n\t\t\t\t<a href='https:\/\/perladelsud.pl\/wp-content\/uploads\/2021\/11\/163959965_1880712485417684_8928282374268469513_n.jpg'><img width=\"300\" height=\"214\" src=\"https:\/\/perladelsud.pl\/wp-content\/uploads\/2021\/11\/163959965_1880712485417684_8928282374268469513_n-300x214.jpg\" class=\"attachment-medium size-medium\" alt=\"\" decoding=\"async\" loading=\"lazy\" srcset=\"https:\/\/perladelsud.pl\/wp-content\/uploads\/2021\/11\/163959965_1880712485417684_8928282374268469513_n-300x214.jpg 300w, https:\/\/perladelsud.pl\/wp-content\/uploads\/2021\/11\/163959965_1880712485417684_8928282374268469513_n-1024x730.jpg 1024w, https:\/\/perladelsud.pl\/wp-content\/uploads\/2021\/11\/163959965_1880712485417684_8928282374268469513_n-768x547.jpg 768w, https:\/\/perladelsud.pl\/wp-content\/uploads\/2021\/11\/163959965_1880712485417684_8928282374268469513_n.jpg 1200w\" sizes=\"(max-width: 300px) 100vw, 300px\" \/><\/a>\n\t\t\t<\/dt><\/dl><dl class='gallery-item'>\n\t\t\t<dt class='gallery-icon landscape'>\n\t\t\t\t<a href='https:\/\/perladelsud.pl\/wp-content\/uploads\/2021\/11\/164915339_1880712602084339_6553866922665167419_n.jpg'><img width=\"300\" height=\"200\" src=\"https:\/\/perladelsud.pl\/wp-content\/uploads\/2021\/11\/164915339_1880712602084339_6553866922665167419_n-300x200.jpg\" class=\"attachment-medium size-medium\" alt=\"\" decoding=\"async\" loading=\"lazy\" srcset=\"https:\/\/perladelsud.pl\/wp-content\/uploads\/2021\/11\/164915339_1880712602084339_6553866922665167419_n-300x200.jpg 300w, https:\/\/perladelsud.pl\/wp-content\/uploads\/2021\/11\/164915339_1880712602084339_6553866922665167419_n-1024x684.jpg 1024w, https:\/\/perladelsud.pl\/wp-content\/uploads\/2021\/11\/164915339_1880712602084339_6553866922665167419_n-768x513.jpg 768w, https:\/\/perladelsud.pl\/wp-content\/uploads\/2021\/11\/164915339_1880712602084339_6553866922665167419_n.jpg 1200w\" sizes=\"(max-width: 300px) 100vw, 300px\" \/><\/a>\n\t\t\t<\/dt><\/dl><br style=\"clear: both\" \/><dl class='gallery-item'>\n\t\t\t<dt class='gallery-icon landscape'>\n\t\t\t\t<a href='https:\/\/perladelsud.pl\/wp-content\/uploads\/2021\/11\/168776252_1889994091156190_1838295898297744489_n.jpg'><img width=\"300\" height=\"205\" src=\"https:\/\/perladelsud.pl\/wp-content\/uploads\/2021\/11\/168776252_1889994091156190_1838295898297744489_n-300x205.jpg\" class=\"attachment-medium size-medium\" alt=\"\" decoding=\"async\" loading=\"lazy\" srcset=\"https:\/\/perladelsud.pl\/wp-content\/uploads\/2021\/11\/168776252_1889994091156190_1838295898297744489_n-300x205.jpg 300w, https:\/\/perladelsud.pl\/wp-content\/uploads\/2021\/11\/168776252_1889994091156190_1838295898297744489_n-1024x701.jpg 1024w, https:\/\/perladelsud.pl\/wp-content\/uploads\/2021\/11\/168776252_1889994091156190_1838295898297744489_n-768x526.jpg 768w, https:\/\/perladelsud.pl\/wp-content\/uploads\/2021\/11\/168776252_1889994091156190_1838295898297744489_n.jpg 1170w\" sizes=\"(max-width: 300px) 100vw, 300px\" \/><\/a>\n\t\t\t<\/dt><\/dl>\n\t\t\t<br style='clear: both' \/>\n\t\t<\/div>\n\n","protected":false},"excerpt":{"rendered":"<p>Ma\u015b\u0107: czarno-bia\u0142o-z\u0142ota Urodzona: 16.08.2019 Ojciec Andre Mademoiselle Iwet Matka: Suzanne Prinzess Klan Biewer Rott Niki to suczka urodzona w naszej hodowli, uwielbia si\u0119 przytula\u0107. Uprawnienia hodowlane uzyska\u0142a na przegl\u0105dzie hodowlanym <a class=\"more-link\" href=\"https:\/\/perladelsud.pl\/index.php\/pl\/137-2\/suczka-niki-perla-del-sud\/\">Continue Reading \u2192<\/a><\/p>\n","protected":false},"author":1,"featured_media":0,"parent":137,"menu_order":0,"comment_status":"closed","ping_status":"closed","template":"","meta":[],"_links":{"self":[{"href":"https:\/\/perladelsud.pl\/index.php\/wp-json\/wp\/v2\/pages\/1633"}],"collection":[{"href":"https:\/\/perladelsud.pl\/index.php\/wp-json\/wp\/v2\/pages"}],"about":[{"href":"https:\/\/perladelsud.pl\/index.php\/wp-json\/wp\/v2\/types\/page"}],"author":[{"embeddable":true,"href":"https:\/\/perladelsud.pl\/index.php\/wp-json\/wp\/v2\/users\/1"}],"replies":[{"embeddable":true,"href":"https:\/\/perladelsud.pl\/index.php\/wp-json\/wp\/v2\/comments?post=1633"}],"version-history":[{"count":2,"href":"https:\/\/perladelsud.pl\/index.php\/wp-json\/wp\/v2\/pages\/1633\/revisions"}],"predecessor-version":[{"id":1648,"href":"https:\/\/perladelsud.pl\/index.php\/wp-json\/wp\/v2\/pages\/1633\/revisions\/1648"}],"up":[{"embeddable":true,"href":"https:\/\/perladelsud.pl\/index.php\/wp-json\/wp\/v2\/pages\/137"}],"wp:attachment":[{"href":"https:\/\/perladelsud.pl\/index.php\/wp-json\/wp\/v2\/media?parent=1633"}],"curies":[{"name":"wp","href":"https:\/\/api.w.org\/{rel}","templated":true}]}}