{"id":1680,"date":"2022-05-10T17:58:29","date_gmt":"2022-05-10T15:58:29","guid":{"rendered":"https:\/\/perladelsud.pl\/?page_id=1680"},"modified":"2022-05-10T18:43:08","modified_gmt":"2022-05-10T16:43:08","slug":"miot-b","status":"publish","type":"page","link":"https:\/\/perladelsud.pl\/index.php\/pl\/szczeniaki\/miot-2021-r\/miot-b\/","title":{"rendered":"Miot B"},"content":{"rendered":"<p><strong>Miot B <\/strong>urodzony: 22.11.2021 : 3 suczki i\u00a02 pieski<\/p>\n<p>Wszystkie szczeni\u0119ta znalaz\u0142y kochaj\u0105ce domki. Wi\u0119cej zdj\u0119\u0107 szczeni\u0105t w zak\u0142adce Galeria<\/p>\n\n\t\t<style type=\"text\/css\">\n\t\t\t#gallery-1 {\n\t\t\t\tmargin: auto;\n\t\t\t}\n\t\t\t#gallery-1 .gallery-item {\n\t\t\t\tfloat: left;\n\t\t\t\tmargin-top: 10px;\n\t\t\t\ttext-align: center;\n\t\t\t\twidth: 50%;\n\t\t\t}\n\t\t\t#gallery-1 img {\n\t\t\t\tborder: 2px solid #cfcfcf;\n\t\t\t}\n\t\t\t#gallery-1 .gallery-caption {\n\t\t\t\tmargin-left: 0;\n\t\t\t}\n\t\t\t\/* see gallery_shortcode() in wp-includes\/media.php *\/\n\t\t<\/style>\n\t\t<div id='gallery-1' class='gallery galleryid-1680 gallery-columns-2 gallery-size-medium'><dl class='gallery-item'>\n\t\t\t<dt class='gallery-icon portrait'>\n\t\t\t\t<a href='https:\/\/perladelsud.pl\/wp-content\/uploads\/2022\/05\/10499461_340698469419101_2887860783232312410_o.jpg'><img width=\"265\" height=\"300\" src=\"https:\/\/perladelsud.pl\/wp-content\/uploads\/2022\/05\/10499461_340698469419101_2887860783232312410_o-265x300.jpg\" class=\"attachment-medium size-medium\" alt=\"\" decoding=\"async\" loading=\"lazy\" aria-describedby=\"gallery-1-1670\" srcset=\"https:\/\/perladelsud.pl\/wp-content\/uploads\/2022\/05\/10499461_340698469419101_2887860783232312410_o-265x300.jpg 265w, https:\/\/perladelsud.pl\/wp-content\/uploads\/2022\/05\/10499461_340698469419101_2887860783232312410_o-768x869.jpg 768w, https:\/\/perladelsud.pl\/wp-content\/uploads\/2022\/05\/10499461_340698469419101_2887860783232312410_o.jpg 802w\" sizes=\"(max-width: 265px) 100vw, 265px\" \/><\/a>\n\t\t\t<\/dt>\n\t\t\t\t<dd class='wp-caption-text gallery-caption' id='gallery-1-1670'>\n\t\t\t\tMatka: Amelia Klan Biewer Rott(FCI)\n\t\t\t\t<\/dd><\/dl><dl class='gallery-item'>\n\t\t\t<dt class='gallery-icon landscape'>\n\t\t\t\t<a href='https:\/\/perladelsud.pl\/wp-content\/uploads\/2022\/05\/65373677_2377425179137722_3049307380069171200_n.jpg'><img width=\"206\" height=\"206\" src=\"https:\/\/perladelsud.pl\/wp-content\/uploads\/2022\/05\/65373677_2377425179137722_3049307380069171200_n.jpg\" class=\"attachment-medium size-medium\" alt=\"\" decoding=\"async\" loading=\"lazy\" aria-describedby=\"gallery-1-1671\" srcset=\"https:\/\/perladelsud.pl\/wp-content\/uploads\/2022\/05\/65373677_2377425179137722_3049307380069171200_n.jpg 206w, https:\/\/perladelsud.pl\/wp-content\/uploads\/2022\/05\/65373677_2377425179137722_3049307380069171200_n-150x150.jpg 150w\" sizes=\"(max-width: 206px) 100vw, 206px\" \/><\/a>\n\t\t\t<\/dt>\n\t\t\t\t<dd class='wp-caption-text gallery-caption' id='gallery-1-1671'>\n\t\t\t\tOjciec: Tandu by Aralezo SagaFCI) \n\t\t\t\t<\/dd><\/dl><br style=\"clear: both\" \/><dl class='gallery-item'>\n\t\t\t<dt class='gallery-icon landscape'>\n\t\t\t\t<a href='https:\/\/perladelsud.pl\/wp-content\/uploads\/2022\/05\/IMG_8846.jpg'><img width=\"300\" height=\"223\" src=\"https:\/\/perladelsud.pl\/wp-content\/uploads\/2022\/05\/IMG_8846-300x223.jpg\" class=\"attachment-medium size-medium\" alt=\"\" decoding=\"async\" loading=\"lazy\" srcset=\"https:\/\/perladelsud.pl\/wp-content\/uploads\/2022\/05\/IMG_8846-300x223.jpg 300w, https:\/\/perladelsud.pl\/wp-content\/uploads\/2022\/05\/IMG_8846-768x570.jpg 768w, https:\/\/perladelsud.pl\/wp-content\/uploads\/2022\/05\/IMG_8846.jpg 1024w\" sizes=\"(max-width: 300px) 100vw, 300px\" \/><\/a>\n\t\t\t<\/dt><\/dl><dl class='gallery-item'>\n\t\t\t<dt class='gallery-icon landscape'>\n\t\t\t\t<a href='https:\/\/perladelsud.pl\/wp-content\/uploads\/2022\/05\/IMG_8875.jpg'><img width=\"300\" height=\"238\" src=\"https:\/\/perladelsud.pl\/wp-content\/uploads\/2022\/05\/IMG_8875-300x238.jpg\" class=\"attachment-medium size-medium\" alt=\"\" decoding=\"async\" loading=\"lazy\" srcset=\"https:\/\/perladelsud.pl\/wp-content\/uploads\/2022\/05\/IMG_8875-300x238.jpg 300w, https:\/\/perladelsud.pl\/wp-content\/uploads\/2022\/05\/IMG_8875-768x611.jpg 768w, https:\/\/perladelsud.pl\/wp-content\/uploads\/2022\/05\/IMG_8875.jpg 1024w\" sizes=\"(max-width: 300px) 100vw, 300px\" \/><\/a>\n\t\t\t<\/dt><\/dl><br style=\"clear: both\" \/><dl class='gallery-item'>\n\t\t\t<dt class='gallery-icon landscape'>\n\t\t\t\t<a href='https:\/\/perladelsud.pl\/wp-content\/uploads\/2022\/05\/IMG_8896.jpg'><img width=\"300\" height=\"200\" src=\"https:\/\/perladelsud.pl\/wp-content\/uploads\/2022\/05\/IMG_8896-300x200.jpg\" class=\"attachment-medium size-medium\" alt=\"\" decoding=\"async\" loading=\"lazy\" srcset=\"https:\/\/perladelsud.pl\/wp-content\/uploads\/2022\/05\/IMG_8896-300x200.jpg 300w, https:\/\/perladelsud.pl\/wp-content\/uploads\/2022\/05\/IMG_8896-768x512.jpg 768w, https:\/\/perladelsud.pl\/wp-content\/uploads\/2022\/05\/IMG_8896.jpg 1024w\" sizes=\"(max-width: 300px) 100vw, 300px\" \/><\/a>\n\t\t\t<\/dt><\/dl><dl class='gallery-item'>\n\t\t\t<dt class='gallery-icon landscape'>\n\t\t\t\t<a href='https:\/\/perladelsud.pl\/wp-content\/uploads\/2022\/05\/IMG_8909.jpg'><img width=\"300\" height=\"266\" src=\"https:\/\/perladelsud.pl\/wp-content\/uploads\/2022\/05\/IMG_8909-300x266.jpg\" class=\"attachment-medium size-medium\" alt=\"\" decoding=\"async\" loading=\"lazy\" srcset=\"https:\/\/perladelsud.pl\/wp-content\/uploads\/2022\/05\/IMG_8909-300x266.jpg 300w, https:\/\/perladelsud.pl\/wp-content\/uploads\/2022\/05\/IMG_8909-768x681.jpg 768w, https:\/\/perladelsud.pl\/wp-content\/uploads\/2022\/05\/IMG_8909.jpg 1024w\" sizes=\"(max-width: 300px) 100vw, 300px\" \/><\/a>\n\t\t\t<\/dt><\/dl><br style=\"clear: both\" \/><dl class='gallery-item'>\n\t\t\t<dt class='gallery-icon portrait'>\n\t\t\t\t<a href='https:\/\/perladelsud.pl\/wp-content\/uploads\/2022\/05\/IMG_8919.jpg'><img width=\"297\" height=\"300\" src=\"https:\/\/perladelsud.pl\/wp-content\/uploads\/2022\/05\/IMG_8919-297x300.jpg\" class=\"attachment-medium size-medium\" alt=\"\" decoding=\"async\" loading=\"lazy\" srcset=\"https:\/\/perladelsud.pl\/wp-content\/uploads\/2022\/05\/IMG_8919-297x300.jpg 297w, https:\/\/perladelsud.pl\/wp-content\/uploads\/2022\/05\/IMG_8919-768x776.jpg 768w, https:\/\/perladelsud.pl\/wp-content\/uploads\/2022\/05\/IMG_8919.jpg 1014w\" sizes=\"(max-width: 297px) 100vw, 297px\" \/><\/a>\n\t\t\t<\/dt><\/dl>\n\t\t\t<br style='clear: both' \/>\n\t\t<\/div>\n\n<p><iframe loading=\"lazy\" width=\"560\" height=\"315\" src=\"https:\/\/www.youtube.com\/embed\/baeeee2PuPQ\" title=\"YouTube video player\" frameborder=\"0\" allow=\"accelerometer; autoplay; clipboard-write; encrypted-media; gyroscope; picture-in-picture\" allowfullscreen><\/iframe><\/p>\n","protected":false},"excerpt":{"rendered":"<p>Miot B urodzony: 22.11.2021 : 3 suczki i\u00a02 pieski Wszystkie szczeni\u0119ta znalaz\u0142y kochaj\u0105ce domki. Wi\u0119cej zdj\u0119\u0107 szczeni\u0105t w zak\u0142adce Galeria<\/p>\n","protected":false},"author":1,"featured_media":0,"parent":1411,"menu_order":1,"comment_status":"closed","ping_status":"closed","template":"","meta":[],"_links":{"self":[{"href":"https:\/\/perladelsud.pl\/index.php\/wp-json\/wp\/v2\/pages\/1680"}],"collection":[{"href":"https:\/\/perladelsud.pl\/index.php\/wp-json\/wp\/v2\/pages"}],"about":[{"href":"https:\/\/perladelsud.pl\/index.php\/wp-json\/wp\/v2\/types\/page"}],"author":[{"embeddable":true,"href":"https:\/\/perladelsud.pl\/index.php\/wp-json\/wp\/v2\/users\/1"}],"replies":[{"embeddable":true,"href":"https:\/\/perladelsud.pl\/index.php\/wp-json\/wp\/v2\/comments?post=1680"}],"version-history":[{"count":2,"href":"https:\/\/perladelsud.pl\/index.php\/wp-json\/wp\/v2\/pages\/1680\/revisions"}],"predecessor-version":[{"id":1725,"href":"https:\/\/perladelsud.pl\/index.php\/wp-json\/wp\/v2\/pages\/1680\/revisions\/1725"}],"up":[{"embeddable":true,"href":"https:\/\/perladelsud.pl\/index.php\/wp-json\/wp\/v2\/pages\/1411"}],"wp:attachment":[{"href":"https:\/\/perladelsud.pl\/index.php\/wp-json\/wp\/v2\/media?parent=1680"}],"curies":[{"name":"wp","href":"https:\/\/api.w.org\/{rel}","templated":true}]}}