{"id":173,"date":"2016-02-08T11:14:49","date_gmt":"2016-02-08T10:14:49","guid":{"rendered":"http:\/\/perladelsud.pl\/ttt\/?page_id=173"},"modified":"2018-11-24T13:45:28","modified_gmt":"2018-11-24T12:45:28","slug":"miot-c","status":"publish","type":"page","link":"https:\/\/perladelsud.pl\/index.php\/pl\/szczeniaki\/miot-2015-r\/miot-c\/","title":{"rendered":"Miot C"},"content":{"rendered":"<p>Miot C urodzony :07.10.2015 : , 2 pieski<br \/>\nMatka: Amelia Klan-Biewer Rott (FCI ) M\u0142odzie\u017cowy Champion Polski<br \/>\nOjciec: Amber York Pacco-Prince (FCI) M\u0142odzie\u017cowy Champion Polski, Champion Polski<\/p>\n\n\t\t<style type=\"text\/css\">\n\t\t\t#gallery-1 {\n\t\t\t\tmargin: auto;\n\t\t\t}\n\t\t\t#gallery-1 .gallery-item {\n\t\t\t\tfloat: left;\n\t\t\t\tmargin-top: 10px;\n\t\t\t\ttext-align: center;\n\t\t\t\twidth: 50%;\n\t\t\t}\n\t\t\t#gallery-1 img {\n\t\t\t\tborder: 2px solid #cfcfcf;\n\t\t\t}\n\t\t\t#gallery-1 .gallery-caption {\n\t\t\t\tmargin-left: 0;\n\t\t\t}\n\t\t\t\/* see gallery_shortcode() in wp-includes\/media.php *\/\n\t\t<\/style>\n\t\t<div id='gallery-1' class='gallery galleryid-173 gallery-columns-2 gallery-size-medium'><dl class='gallery-item'>\n\t\t\t<dt class='gallery-icon landscape'>\n\t\t\t\t<a href='https:\/\/perladelsud.pl\/wp-content\/uploads\/2016\/02\/IMG_7868-1-e1455186646897.jpg'><img width=\"300\" height=\"200\" src=\"https:\/\/perladelsud.pl\/wp-content\/uploads\/2016\/02\/IMG_7868-1-300x200.jpg\" class=\"attachment-medium size-medium\" alt=\"\" decoding=\"async\" loading=\"lazy\" srcset=\"https:\/\/perladelsud.pl\/wp-content\/uploads\/2016\/02\/IMG_7868-1-300x200.jpg 300w, https:\/\/perladelsud.pl\/wp-content\/uploads\/2016\/02\/IMG_7868-1-768x512.jpg 768w, https:\/\/perladelsud.pl\/wp-content\/uploads\/2016\/02\/IMG_7868-1-e1455186646897.jpg 1024w\" sizes=\"(max-width: 300px) 100vw, 300px\" \/><\/a>\n\t\t\t<\/dt><\/dl><dl class='gallery-item'>\n\t\t\t<dt class='gallery-icon landscape'>\n\t\t\t\t<a href='https:\/\/perladelsud.pl\/wp-content\/uploads\/2016\/02\/IMG_7910-1-e1455186666700.jpg'><img width=\"300\" height=\"200\" src=\"https:\/\/perladelsud.pl\/wp-content\/uploads\/2016\/02\/IMG_7910-1-300x200.jpg\" class=\"attachment-medium size-medium\" alt=\"\" decoding=\"async\" loading=\"lazy\" srcset=\"https:\/\/perladelsud.pl\/wp-content\/uploads\/2016\/02\/IMG_7910-1-300x200.jpg 300w, https:\/\/perladelsud.pl\/wp-content\/uploads\/2016\/02\/IMG_7910-1-768x512.jpg 768w, https:\/\/perladelsud.pl\/wp-content\/uploads\/2016\/02\/IMG_7910-1-e1455186666700.jpg 1024w\" sizes=\"(max-width: 300px) 100vw, 300px\" \/><\/a>\n\t\t\t<\/dt><\/dl><br style=\"clear: both\" \/><dl class='gallery-item'>\n\t\t\t<dt class='gallery-icon landscape'>\n\t\t\t\t<a href='https:\/\/perladelsud.pl\/wp-content\/uploads\/2016\/02\/SAM_2371-3-e1455186688986.jpg'><img width=\"300\" height=\"225\" src=\"https:\/\/perladelsud.pl\/wp-content\/uploads\/2016\/02\/SAM_2371-3-300x225.jpg\" class=\"attachment-medium size-medium\" alt=\"\" decoding=\"async\" loading=\"lazy\" aria-describedby=\"gallery-1-324\" srcset=\"https:\/\/perladelsud.pl\/wp-content\/uploads\/2016\/02\/SAM_2371-3-300x225.jpg 300w, https:\/\/perladelsud.pl\/wp-content\/uploads\/2016\/02\/SAM_2371-3-768x576.jpg 768w, https:\/\/perladelsud.pl\/wp-content\/uploads\/2016\/02\/SAM_2371-3-e1455186688986.jpg 1024w\" sizes=\"(max-width: 300px) 100vw, 300px\" \/><\/a>\n\t\t\t<\/dt>\n\t\t\t\t<dd class='wp-caption-text gallery-caption' id='gallery-1-324'>\n\t\t\t\tMatka: Amelia Klan-Biewer Rott (FCI ) M\u0142odzie\u017cowy Champion Polski\n\t\t\t\t<\/dd><\/dl><dl class='gallery-item'>\n\t\t\t<dt class='gallery-icon landscape'>\n\t\t\t\t<a href='https:\/\/perladelsud.pl\/wp-content\/uploads\/2016\/02\/pacco-1-e1455186713445.jpg'><img width=\"300\" height=\"220\" src=\"https:\/\/perladelsud.pl\/wp-content\/uploads\/2016\/02\/pacco-1-300x220.jpg\" class=\"attachment-medium size-medium\" alt=\"\" decoding=\"async\" loading=\"lazy\" aria-describedby=\"gallery-1-323\" srcset=\"https:\/\/perladelsud.pl\/wp-content\/uploads\/2016\/02\/pacco-1-300x220.jpg 300w, https:\/\/perladelsud.pl\/wp-content\/uploads\/2016\/02\/pacco-1-768x564.jpg 768w, https:\/\/perladelsud.pl\/wp-content\/uploads\/2016\/02\/pacco-1-e1455186713445.jpg 1024w\" sizes=\"(max-width: 300px) 100vw, 300px\" \/><\/a>\n\t\t\t<\/dt>\n\t\t\t\t<dd class='wp-caption-text gallery-caption' id='gallery-1-323'>\n\t\t\t\tOjciec: Amber York Pacco-Prince (FCI) M\u0142odzie\u017cowy Champion Polski, Champion Polski\n\t\t\t\t<\/dd><\/dl><br style=\"clear: both\" \/>\n\t\t<\/div>\n\n","protected":false},"excerpt":{"rendered":"<p>Miot C urodzony :07.10.2015 : , 2 pieski Matka: Amelia Klan-Biewer Rott (FCI ) M\u0142odzie\u017cowy Champion Polski Ojciec: Amber York Pacco-Prince (FCI) M\u0142odzie\u017cowy Champion Polski, Champion Polski<\/p>\n","protected":false},"author":1,"featured_media":0,"parent":721,"menu_order":7,"comment_status":"closed","ping_status":"closed","template":"","meta":[],"_links":{"self":[{"href":"https:\/\/perladelsud.pl\/index.php\/wp-json\/wp\/v2\/pages\/173"}],"collection":[{"href":"https:\/\/perladelsud.pl\/index.php\/wp-json\/wp\/v2\/pages"}],"about":[{"href":"https:\/\/perladelsud.pl\/index.php\/wp-json\/wp\/v2\/types\/page"}],"author":[{"embeddable":true,"href":"https:\/\/perladelsud.pl\/index.php\/wp-json\/wp\/v2\/users\/1"}],"replies":[{"embeddable":true,"href":"https:\/\/perladelsud.pl\/index.php\/wp-json\/wp\/v2\/comments?post=173"}],"version-history":[{"count":0,"href":"https:\/\/perladelsud.pl\/index.php\/wp-json\/wp\/v2\/pages\/173\/revisions"}],"up":[{"embeddable":true,"href":"https:\/\/perladelsud.pl\/index.php\/wp-json\/wp\/v2\/pages\/721"}],"wp:attachment":[{"href":"https:\/\/perladelsud.pl\/index.php\/wp-json\/wp\/v2\/media?parent=173"}],"curies":[{"name":"wp","href":"https:\/\/api.w.org\/{rel}","templated":true}]}}