{"id":1747,"date":"2022-09-23T13:58:01","date_gmt":"2022-09-23T11:58:01","guid":{"rendered":"https:\/\/perladelsud.pl\/?page_id=1747"},"modified":"2022-10-04T21:20:11","modified_gmt":"2022-10-04T19:20:11","slug":"miot-c-i-d","status":"publish","type":"page","link":"https:\/\/perladelsud.pl\/index.php\/pl\/szczeniaki\/miot-2022\/miot-c-i-d\/","title":{"rendered":"Miot C i D"},"content":{"rendered":"<p><strong>Miot C i D <\/strong>urodzony\u00a030.03.2022: i 13.04,2022: 1 suczka i 3 pieski<\/p>\n<p>Wszystkie szczeni\u0119ta znalaz\u0142y kochaj\u0105ce domki. Wi\u0119cej zdj\u0119\u0107 szczeni\u0105t w zak\u0142adce Galeria<\/p>\n\n\t\t<style type=\"text\/css\">\n\t\t\t#gallery-1 {\n\t\t\t\tmargin: auto;\n\t\t\t}\n\t\t\t#gallery-1 .gallery-item {\n\t\t\t\tfloat: left;\n\t\t\t\tmargin-top: 10px;\n\t\t\t\ttext-align: center;\n\t\t\t\twidth: 50%;\n\t\t\t}\n\t\t\t#gallery-1 img {\n\t\t\t\tborder: 2px solid #cfcfcf;\n\t\t\t}\n\t\t\t#gallery-1 .gallery-caption {\n\t\t\t\tmargin-left: 0;\n\t\t\t}\n\t\t\t\/* see gallery_shortcode() in wp-includes\/media.php *\/\n\t\t<\/style>\n\t\t<div id='gallery-1' class='gallery galleryid-1747 gallery-columns-2 gallery-size-medium'><dl class='gallery-item'>\n\t\t\t<dt class='gallery-icon portrait'>\n\t\t\t\t<a href='https:\/\/perladelsud.pl\/wp-content\/uploads\/2022\/09\/146943169_1845362588952674_2644535447826705376_n.jpg'><img width=\"226\" height=\"300\" src=\"https:\/\/perladelsud.pl\/wp-content\/uploads\/2022\/09\/146943169_1845362588952674_2644535447826705376_n-226x300.jpg\" class=\"attachment-medium size-medium\" alt=\"\" decoding=\"async\" loading=\"lazy\" aria-describedby=\"gallery-1-1743\" srcset=\"https:\/\/perladelsud.pl\/wp-content\/uploads\/2022\/09\/146943169_1845362588952674_2644535447826705376_n-226x300.jpg 226w, https:\/\/perladelsud.pl\/wp-content\/uploads\/2022\/09\/146943169_1845362588952674_2644535447826705376_n.jpg 665w\" sizes=\"(max-width: 226px) 100vw, 226px\" \/><\/a>\n\t\t\t<\/dt>\n\t\t\t\t<dd class='wp-caption-text gallery-caption' id='gallery-1-1743'>\n\t\t\t\tMatka: Niki Perla del Sud  Miot C \n\t\t\t\t<\/dd><\/dl><dl class='gallery-item'>\n\t\t\t<dt class='gallery-icon landscape'>\n\t\t\t\t<a href='https:\/\/perladelsud.pl\/wp-content\/uploads\/2022\/09\/83595934_2547798672100371_6283155851146428416_n.jpg'><img width=\"300\" height=\"258\" src=\"https:\/\/perladelsud.pl\/wp-content\/uploads\/2022\/09\/83595934_2547798672100371_6283155851146428416_n-300x258.jpg\" class=\"attachment-medium size-medium\" alt=\"\" decoding=\"async\" loading=\"lazy\" aria-describedby=\"gallery-1-1741\" srcset=\"https:\/\/perladelsud.pl\/wp-content\/uploads\/2022\/09\/83595934_2547798672100371_6283155851146428416_n-300x258.jpg 300w, https:\/\/perladelsud.pl\/wp-content\/uploads\/2022\/09\/83595934_2547798672100371_6283155851146428416_n-1024x881.jpg 1024w, https:\/\/perladelsud.pl\/wp-content\/uploads\/2022\/09\/83595934_2547798672100371_6283155851146428416_n-768x661.jpg 768w, https:\/\/perladelsud.pl\/wp-content\/uploads\/2022\/09\/83595934_2547798672100371_6283155851146428416_n.jpg 1364w\" sizes=\"(max-width: 300px) 100vw, 300px\" \/><\/a>\n\t\t\t<\/dt>\n\t\t\t\t<dd class='wp-caption-text gallery-caption' id='gallery-1-1741'>\n\t\t\t\tMatka : Betina Perla del Sud  Miot D \n\t\t\t\t<\/dd><\/dl><br style=\"clear: both\" \/><dl class='gallery-item'>\n\t\t\t<dt class='gallery-icon portrait'>\n\t\t\t\t<a href='https:\/\/perladelsud.pl\/wp-content\/uploads\/2022\/09\/83024803_2548081265405445_7402743204035952640_n.jpg'><img width=\"269\" height=\"300\" src=\"https:\/\/perladelsud.pl\/wp-content\/uploads\/2022\/09\/83024803_2548081265405445_7402743204035952640_n-269x300.jpg\" class=\"attachment-medium size-medium\" alt=\"\" decoding=\"async\" loading=\"lazy\" aria-describedby=\"gallery-1-1742\" srcset=\"https:\/\/perladelsud.pl\/wp-content\/uploads\/2022\/09\/83024803_2548081265405445_7402743204035952640_n-269x300.jpg 269w, https:\/\/perladelsud.pl\/wp-content\/uploads\/2022\/09\/83024803_2548081265405445_7402743204035952640_n.jpg 720w\" sizes=\"(max-width: 269px) 100vw, 269px\" \/><\/a>\n\t\t\t<\/dt>\n\t\t\t\t<dd class='wp-caption-text gallery-caption' id='gallery-1-1742'>\n\t\t\t\tOjciec: Tandu by Aralezo Saga  (FCI)     Miot C i D \n\t\t\t\t<\/dd><\/dl><dl class='gallery-item'>\n\t\t\t<dt class='gallery-icon landscape'>\n\t\t\t\t<a href='https:\/\/perladelsud.pl\/wp-content\/uploads\/2022\/09\/IMG_9792.jpg'><img width=\"300\" height=\"189\" src=\"https:\/\/perladelsud.pl\/wp-content\/uploads\/2022\/09\/IMG_9792-300x189.jpg\" class=\"attachment-medium size-medium\" alt=\"\" decoding=\"async\" loading=\"lazy\" srcset=\"https:\/\/perladelsud.pl\/wp-content\/uploads\/2022\/09\/IMG_9792-300x189.jpg 300w, https:\/\/perladelsud.pl\/wp-content\/uploads\/2022\/09\/IMG_9792-768x485.jpg 768w, https:\/\/perladelsud.pl\/wp-content\/uploads\/2022\/09\/IMG_9792-750x470.jpg 750w, https:\/\/perladelsud.pl\/wp-content\/uploads\/2022\/09\/IMG_9792-640x401.jpg 640w, https:\/\/perladelsud.pl\/wp-content\/uploads\/2022\/09\/IMG_9792.jpg 1024w\" sizes=\"(max-width: 300px) 100vw, 300px\" \/><\/a>\n\t\t\t<\/dt><\/dl><br style=\"clear: both\" \/><dl class='gallery-item'>\n\t\t\t<dt class='gallery-icon landscape'>\n\t\t\t\t<a href='https:\/\/perladelsud.pl\/wp-content\/uploads\/2022\/10\/IMG_9385-scaled.jpg'><img width=\"300\" height=\"236\" src=\"https:\/\/perladelsud.pl\/wp-content\/uploads\/2022\/10\/IMG_9385-300x236.jpg\" class=\"attachment-medium size-medium\" alt=\"\" decoding=\"async\" loading=\"lazy\" srcset=\"https:\/\/perladelsud.pl\/wp-content\/uploads\/2022\/10\/IMG_9385-300x236.jpg 300w, https:\/\/perladelsud.pl\/wp-content\/uploads\/2022\/10\/IMG_9385-1024x804.jpg 1024w, https:\/\/perladelsud.pl\/wp-content\/uploads\/2022\/10\/IMG_9385-768x603.jpg 768w, https:\/\/perladelsud.pl\/wp-content\/uploads\/2022\/10\/IMG_9385-1536x1206.jpg 1536w, https:\/\/perladelsud.pl\/wp-content\/uploads\/2022\/10\/IMG_9385-2048x1608.jpg 2048w\" sizes=\"(max-width: 300px) 100vw, 300px\" \/><\/a>\n\t\t\t<\/dt><\/dl><dl class='gallery-item'>\n\t\t\t<dt class='gallery-icon landscape'>\n\t\t\t\t<a href='https:\/\/perladelsud.pl\/wp-content\/uploads\/2022\/10\/IMG_9371.jpg'><img width=\"300\" height=\"200\" src=\"https:\/\/perladelsud.pl\/wp-content\/uploads\/2022\/10\/IMG_9371-300x200.jpg\" class=\"attachment-medium size-medium\" alt=\"\" decoding=\"async\" loading=\"lazy\" srcset=\"https:\/\/perladelsud.pl\/wp-content\/uploads\/2022\/10\/IMG_9371-300x200.jpg 300w, https:\/\/perladelsud.pl\/wp-content\/uploads\/2022\/10\/IMG_9371-768x512.jpg 768w, https:\/\/perladelsud.pl\/wp-content\/uploads\/2022\/10\/IMG_9371.jpg 1024w\" sizes=\"(max-width: 300px) 100vw, 300px\" \/><\/a>\n\t\t\t<\/dt><\/dl><br style=\"clear: both\" \/><dl class='gallery-item'>\n\t\t\t<dt class='gallery-icon landscape'>\n\t\t\t\t<a href='https:\/\/perladelsud.pl\/wp-content\/uploads\/2022\/10\/IMG_9375.jpg'><img width=\"300\" height=\"228\" src=\"https:\/\/perladelsud.pl\/wp-content\/uploads\/2022\/10\/IMG_9375-300x228.jpg\" class=\"attachment-medium size-medium\" alt=\"\" decoding=\"async\" loading=\"lazy\" srcset=\"https:\/\/perladelsud.pl\/wp-content\/uploads\/2022\/10\/IMG_9375-300x228.jpg 300w, https:\/\/perladelsud.pl\/wp-content\/uploads\/2022\/10\/IMG_9375-768x583.jpg 768w, https:\/\/perladelsud.pl\/wp-content\/uploads\/2022\/10\/IMG_9375.jpg 1024w\" sizes=\"(max-width: 300px) 100vw, 300px\" \/><\/a>\n\t\t\t<\/dt><\/dl>\n\t\t\t<br style='clear: both' \/>\n\t\t<\/div>\n\n","protected":false},"excerpt":{"rendered":"<p>Miot C i D urodzony\u00a030.03.2022: i 13.04,2022: 1 suczka i 3 pieski Wszystkie szczeni\u0119ta znalaz\u0142y kochaj\u0105ce domki. Wi\u0119cej zdj\u0119\u0107 szczeni\u0105t w zak\u0142adce Galeria<\/p>\n","protected":false},"author":1,"featured_media":0,"parent":1745,"menu_order":0,"comment_status":"closed","ping_status":"closed","template":"","meta":[],"_links":{"self":[{"href":"https:\/\/perladelsud.pl\/index.php\/wp-json\/wp\/v2\/pages\/1747"}],"collection":[{"href":"https:\/\/perladelsud.pl\/index.php\/wp-json\/wp\/v2\/pages"}],"about":[{"href":"https:\/\/perladelsud.pl\/index.php\/wp-json\/wp\/v2\/types\/page"}],"author":[{"embeddable":true,"href":"https:\/\/perladelsud.pl\/index.php\/wp-json\/wp\/v2\/users\/1"}],"replies":[{"embeddable":true,"href":"https:\/\/perladelsud.pl\/index.php\/wp-json\/wp\/v2\/comments?post=1747"}],"version-history":[{"count":2,"href":"https:\/\/perladelsud.pl\/index.php\/wp-json\/wp\/v2\/pages\/1747\/revisions"}],"predecessor-version":[{"id":1803,"href":"https:\/\/perladelsud.pl\/index.php\/wp-json\/wp\/v2\/pages\/1747\/revisions\/1803"}],"up":[{"embeddable":true,"href":"https:\/\/perladelsud.pl\/index.php\/wp-json\/wp\/v2\/pages\/1745"}],"wp:attachment":[{"href":"https:\/\/perladelsud.pl\/index.php\/wp-json\/wp\/v2\/media?parent=1747"}],"curies":[{"name":"wp","href":"https:\/\/api.w.org\/{rel}","templated":true}]}}