{"id":520,"date":"2017-09-13T12:02:07","date_gmt":"2017-09-13T10:02:07","guid":{"rendered":"http:\/\/perladelsud.pl\/?page_id=520"},"modified":"2018-11-24T14:28:03","modified_gmt":"2018-11-24T13:28:03","slug":"miot-e-urodzony-16-04-2017","status":"publish","type":"page","link":"https:\/\/perladelsud.pl\/index.php\/pl\/galeria\/miot-urodzony-2017\/miot-e-urodzony-16-04-2017\/","title":{"rendered":"Miot E urodzony :16.04.2017"},"content":{"rendered":"<p><strong>Miot E<\/strong> urodzony :16.04.2017 : 3 pieski ,1 suczka<\/p>\n<p>Rodzice szczeni\u0105t to:<br \/>\nMatka: Mery Klan-Biewer Rott (FCI )<br \/>\nOjciec: Amber York Pacco-Prince (FCI) M\u0142odzie\u017cowy Champion Polski , Champion Polski<\/p>\n\n\t\t<style type=\"text\/css\">\n\t\t\t#gallery-1 {\n\t\t\t\tmargin: auto;\n\t\t\t}\n\t\t\t#gallery-1 .gallery-item {\n\t\t\t\tfloat: left;\n\t\t\t\tmargin-top: 10px;\n\t\t\t\ttext-align: center;\n\t\t\t\twidth: 50%;\n\t\t\t}\n\t\t\t#gallery-1 img {\n\t\t\t\tborder: 2px solid #cfcfcf;\n\t\t\t}\n\t\t\t#gallery-1 .gallery-caption {\n\t\t\t\tmargin-left: 0;\n\t\t\t}\n\t\t\t\/* see gallery_shortcode() in wp-includes\/media.php *\/\n\t\t<\/style>\n\t\t<div id='gallery-1' class='gallery galleryid-520 gallery-columns-2 gallery-size-medium'><dl class='gallery-item'>\n\t\t\t<dt class='gallery-icon portrait'>\n\t\t\t\t<a href='https:\/\/perladelsud.pl\/wp-content\/uploads\/2016\/02\/20157414_1967751253438452_2859872801286584263_o-e1505296677516.jpg'><img width=\"268\" height=\"300\" src=\"https:\/\/perladelsud.pl\/wp-content\/uploads\/2016\/02\/20157414_1967751253438452_2859872801286584263_o-268x300.jpg\" class=\"attachment-medium size-medium\" alt=\"\" decoding=\"async\" loading=\"lazy\" aria-describedby=\"gallery-1-515\" srcset=\"https:\/\/perladelsud.pl\/wp-content\/uploads\/2016\/02\/20157414_1967751253438452_2859872801286584263_o-268x300.jpg 268w, https:\/\/perladelsud.pl\/wp-content\/uploads\/2016\/02\/20157414_1967751253438452_2859872801286584263_o-768x860.jpg 768w, https:\/\/perladelsud.pl\/wp-content\/uploads\/2016\/02\/20157414_1967751253438452_2859872801286584263_o-915x1024.jpg 915w, https:\/\/perladelsud.pl\/wp-content\/uploads\/2016\/02\/20157414_1967751253438452_2859872801286584263_o-e1505296677516.jpg 680w\" sizes=\"(max-width: 268px) 100vw, 268px\" \/><\/a>\n\t\t\t<\/dt>\n\t\t\t\t<dd class='wp-caption-text gallery-caption' id='gallery-1-515'>\n\t\t\t\tEnrico Perla del Sud (FCI) mieszka w Gda\u0144sku\n\t\t\t\t<\/dd><\/dl><dl class='gallery-item'>\n\t\t\t<dt class='gallery-icon portrait'>\n\t\t\t\t<a href='https:\/\/perladelsud.pl\/wp-content\/uploads\/2016\/02\/Bez-nazwy-1-2-e1505296718557.jpg'><img width=\"286\" height=\"300\" src=\"https:\/\/perladelsud.pl\/wp-content\/uploads\/2016\/02\/Bez-nazwy-1-2-286x300.jpg\" class=\"attachment-medium size-medium\" alt=\"\" decoding=\"async\" loading=\"lazy\" aria-describedby=\"gallery-1-516\" srcset=\"https:\/\/perladelsud.pl\/wp-content\/uploads\/2016\/02\/Bez-nazwy-1-2-286x300.jpg 286w, https:\/\/perladelsud.pl\/wp-content\/uploads\/2016\/02\/Bez-nazwy-1-2-768x806.jpg 768w, https:\/\/perladelsud.pl\/wp-content\/uploads\/2016\/02\/Bez-nazwy-1-2-975x1024.jpg 975w, https:\/\/perladelsud.pl\/wp-content\/uploads\/2016\/02\/Bez-nazwy-1-2-e1505296718557.jpg 900w\" sizes=\"(max-width: 286px) 100vw, 286px\" \/><\/a>\n\t\t\t<\/dt>\n\t\t\t\t<dd class='wp-caption-text gallery-caption' id='gallery-1-516'>\n\t\t\t\tEmily Perla del Sud (FCI) mieszka w Cz\u0119stochowie\n\t\t\t\t<\/dd><\/dl><br style=\"clear: both\" \/><dl class='gallery-item'>\n\t\t\t<dt class='gallery-icon portrait'>\n\t\t\t\t<a href='https:\/\/perladelsud.pl\/wp-content\/uploads\/2016\/02\/Bez-nazwy-1ggg-e1505296802449.jpg'><img width=\"285\" height=\"300\" src=\"https:\/\/perladelsud.pl\/wp-content\/uploads\/2016\/02\/Bez-nazwy-1ggg-285x300.jpg\" class=\"attachment-medium size-medium\" alt=\"\" decoding=\"async\" loading=\"lazy\" aria-describedby=\"gallery-1-517\" srcset=\"https:\/\/perladelsud.pl\/wp-content\/uploads\/2016\/02\/Bez-nazwy-1ggg-285x300.jpg 285w, https:\/\/perladelsud.pl\/wp-content\/uploads\/2016\/02\/Bez-nazwy-1ggg-768x809.jpg 768w, https:\/\/perladelsud.pl\/wp-content\/uploads\/2016\/02\/Bez-nazwy-1ggg-972x1024.jpg 972w, https:\/\/perladelsud.pl\/wp-content\/uploads\/2016\/02\/Bez-nazwy-1ggg-e1505296802449.jpg 900w\" sizes=\"(max-width: 285px) 100vw, 285px\" \/><\/a>\n\t\t\t<\/dt>\n\t\t\t\t<dd class='wp-caption-text gallery-caption' id='gallery-1-517'>\n\t\t\t\tEgon Perla del Sud (FCI) mieszka we Wroc\u0142awiu\n\t\t\t\t<\/dd><\/dl><dl class='gallery-item'>\n\t\t\t<dt class='gallery-icon portrait'>\n\t\t\t\t<a href='https:\/\/perladelsud.pl\/wp-content\/uploads\/2016\/02\/Bez-nazwy-2.jpg'><img width=\"264\" height=\"300\" src=\"https:\/\/perladelsud.pl\/wp-content\/uploads\/2016\/02\/Bez-nazwy-2-264x300.jpg\" class=\"attachment-medium size-medium\" alt=\"\" decoding=\"async\" loading=\"lazy\" aria-describedby=\"gallery-1-518\" srcset=\"https:\/\/perladelsud.pl\/wp-content\/uploads\/2016\/02\/Bez-nazwy-2-264x300.jpg 264w, https:\/\/perladelsud.pl\/wp-content\/uploads\/2016\/02\/Bez-nazwy-2-768x872.jpg 768w, https:\/\/perladelsud.pl\/wp-content\/uploads\/2016\/02\/Bez-nazwy-2.jpg 842w\" sizes=\"(max-width: 264px) 100vw, 264px\" \/><\/a>\n\t\t\t<\/dt>\n\t\t\t\t<dd class='wp-caption-text gallery-caption' id='gallery-1-518'>\n\t\t\t\t  Edwardo Perla del Sud (FCI) mieszka w Toruniu\n\t\t\t\t<\/dd><\/dl><br style=\"clear: both\" \/>\n\t\t<\/div>\n\n","protected":false},"excerpt":{"rendered":"<p>Miot E urodzony :16.04.2017 : 3 pieski ,1 suczka Rodzice szczeni\u0105t to: Matka: Mery Klan-Biewer Rott (FCI ) Ojciec: Amber York Pacco-Prince (FCI) M\u0142odzie\u017cowy Champion Polski , Champion Polski<\/p>\n","protected":false},"author":1,"featured_media":0,"parent":764,"menu_order":5,"comment_status":"closed","ping_status":"closed","template":"","meta":[],"_links":{"self":[{"href":"https:\/\/perladelsud.pl\/index.php\/wp-json\/wp\/v2\/pages\/520"}],"collection":[{"href":"https:\/\/perladelsud.pl\/index.php\/wp-json\/wp\/v2\/pages"}],"about":[{"href":"https:\/\/perladelsud.pl\/index.php\/wp-json\/wp\/v2\/types\/page"}],"author":[{"embeddable":true,"href":"https:\/\/perladelsud.pl\/index.php\/wp-json\/wp\/v2\/users\/1"}],"replies":[{"embeddable":true,"href":"https:\/\/perladelsud.pl\/index.php\/wp-json\/wp\/v2\/comments?post=520"}],"version-history":[{"count":0,"href":"https:\/\/perladelsud.pl\/index.php\/wp-json\/wp\/v2\/pages\/520\/revisions"}],"up":[{"embeddable":true,"href":"https:\/\/perladelsud.pl\/index.php\/wp-json\/wp\/v2\/pages\/764"}],"wp:attachment":[{"href":"https:\/\/perladelsud.pl\/index.php\/wp-json\/wp\/v2\/media?parent=520"}],"curies":[{"name":"wp","href":"https:\/\/api.w.org\/{rel}","templated":true}]}}