{"id":706,"date":"2018-10-26T16:07:34","date_gmt":"2018-10-26T14:07:34","guid":{"rendered":"http:\/\/perladelsud.pl\/?page_id=706"},"modified":"2019-02-05T14:23:01","modified_gmt":"2019-02-05T13:23:01","slug":"miot-j","status":"publish","type":"page","link":"https:\/\/perladelsud.pl\/index.php\/pl\/szczeniaki\/miot-2018-r\/miot-j\/","title":{"rendered":"Miot J"},"content":{"rendered":"<p><strong> Miot J <\/strong>urodzony: 05.06.2018: 1 piesek, 1 suczka<br \/>\nWszystkie szczeni\u0119ta znalaz\u0142y kochaj\u0105ce domki. Wi\u0119cej zdj\u0119\u0107 szczeni\u0105t w zak\u0142adce Galeria<\/p>\n<p>Matka: Mery Klan-Biewer Rott (FCI ) M.CH.P<br \/>\nOjciec: Portos Klan-Biewer Rott (FCI )<\/p>\n\n\t\t<style type=\"text\/css\">\n\t\t\t#gallery-1 {\n\t\t\t\tmargin: auto;\n\t\t\t}\n\t\t\t#gallery-1 .gallery-item {\n\t\t\t\tfloat: left;\n\t\t\t\tmargin-top: 10px;\n\t\t\t\ttext-align: center;\n\t\t\t\twidth: 50%;\n\t\t\t}\n\t\t\t#gallery-1 img {\n\t\t\t\tborder: 2px solid #cfcfcf;\n\t\t\t}\n\t\t\t#gallery-1 .gallery-caption {\n\t\t\t\tmargin-left: 0;\n\t\t\t}\n\t\t\t\/* see gallery_shortcode() in wp-includes\/media.php *\/\n\t\t<\/style>\n\t\t<div id='gallery-1' class='gallery galleryid-706 gallery-columns-2 gallery-size-medium'><dl class='gallery-item'>\n\t\t\t<dt class='gallery-icon landscape'>\n\t\t\t\t<a href='https:\/\/perladelsud.pl\/wp-content\/uploads\/2016\/02\/DSCN2022.jpg'><img width=\"300\" height=\"240\" src=\"https:\/\/perladelsud.pl\/wp-content\/uploads\/2016\/02\/DSCN2022-300x240.jpg\" class=\"attachment-medium size-medium\" alt=\"\" decoding=\"async\" loading=\"lazy\" srcset=\"https:\/\/perladelsud.pl\/wp-content\/uploads\/2016\/02\/DSCN2022-300x240.jpg 300w, https:\/\/perladelsud.pl\/wp-content\/uploads\/2016\/02\/DSCN2022-768x615.jpg 768w, https:\/\/perladelsud.pl\/wp-content\/uploads\/2016\/02\/DSCN2022-1024x821.jpg 1024w, https:\/\/perladelsud.pl\/wp-content\/uploads\/2016\/02\/DSCN2022.jpg 1777w\" sizes=\"(max-width: 300px) 100vw, 300px\" \/><\/a>\n\t\t\t<\/dt><\/dl><dl class='gallery-item'>\n\t\t\t<dt class='gallery-icon portrait'>\n\t\t\t\t<a href='https:\/\/perladelsud.pl\/wp-content\/uploads\/2016\/02\/DSCN2114.jpg'><img width=\"300\" height=\"300\" src=\"https:\/\/perladelsud.pl\/wp-content\/uploads\/2016\/02\/DSCN2114-300x300.jpg\" class=\"attachment-medium size-medium\" alt=\"\" decoding=\"async\" loading=\"lazy\" srcset=\"https:\/\/perladelsud.pl\/wp-content\/uploads\/2016\/02\/DSCN2114-300x300.jpg 300w, https:\/\/perladelsud.pl\/wp-content\/uploads\/2016\/02\/DSCN2114-150x150.jpg 150w, https:\/\/perladelsud.pl\/wp-content\/uploads\/2016\/02\/DSCN2114-768x770.jpg 768w, https:\/\/perladelsud.pl\/wp-content\/uploads\/2016\/02\/DSCN2114-1021x1024.jpg 1021w, https:\/\/perladelsud.pl\/wp-content\/uploads\/2016\/02\/DSCN2114.jpg 1440w\" sizes=\"(max-width: 300px) 100vw, 300px\" \/><\/a>\n\t\t\t<\/dt><\/dl><br style=\"clear: both\" \/><dl class='gallery-item'>\n\t\t\t<dt class='gallery-icon portrait'>\n\t\t\t\t<a href='https:\/\/perladelsud.pl\/wp-content\/uploads\/2018\/06\/15087014_1303908609639687_1531997566_n.jpg'><img width=\"222\" height=\"300\" src=\"https:\/\/perladelsud.pl\/wp-content\/uploads\/2018\/06\/15087014_1303908609639687_1531997566_n-222x300.jpg\" class=\"attachment-medium size-medium\" alt=\"\" decoding=\"async\" loading=\"lazy\" aria-describedby=\"gallery-1-660\" srcset=\"https:\/\/perladelsud.pl\/wp-content\/uploads\/2018\/06\/15087014_1303908609639687_1531997566_n-222x300.jpg 222w, https:\/\/perladelsud.pl\/wp-content\/uploads\/2018\/06\/15087014_1303908609639687_1531997566_n.jpg 400w\" sizes=\"(max-width: 222px) 100vw, 222px\" \/><\/a>\n\t\t\t<\/dt>\n\t\t\t\t<dd class='wp-caption-text gallery-caption' id='gallery-1-660'>\n\t\t\t\tPortos Klan-Biewer Rott (FCI ) \n\t\t\t\t<\/dd><\/dl><dl class='gallery-item'>\n\t\t\t<dt class='gallery-icon portrait'>\n\t\t\t\t<a href='https:\/\/perladelsud.pl\/wp-content\/uploads\/2016\/02\/Obraz-016-2-e1505294994144.jpg'><img width=\"262\" height=\"300\" src=\"https:\/\/perladelsud.pl\/wp-content\/uploads\/2016\/02\/Obraz-016-2-262x300.jpg\" class=\"attachment-medium size-medium\" alt=\"\" decoding=\"async\" loading=\"lazy\" aria-describedby=\"gallery-1-501\" srcset=\"https:\/\/perladelsud.pl\/wp-content\/uploads\/2016\/02\/Obraz-016-2-262x300.jpg 262w, https:\/\/perladelsud.pl\/wp-content\/uploads\/2016\/02\/Obraz-016-2-768x879.jpg 768w, https:\/\/perladelsud.pl\/wp-content\/uploads\/2016\/02\/Obraz-016-2-894x1024.jpg 894w, https:\/\/perladelsud.pl\/wp-content\/uploads\/2016\/02\/Obraz-016-2-e1505294994144.jpg 594w\" sizes=\"(max-width: 262px) 100vw, 262px\" \/><\/a>\n\t\t\t<\/dt>\n\t\t\t\t<dd class='wp-caption-text gallery-caption' id='gallery-1-501'>\n\t\t\t\tMary  Klan-Biewer Rott (FCI )\n\t\t\t\t<\/dd><\/dl><br style=\"clear: both\" \/>\n\t\t<\/div>\n\n","protected":false},"excerpt":{"rendered":"<p>Miot J urodzony: 05.06.2018: 1 piesek, 1 suczka Wszystkie szczeni\u0119ta znalaz\u0142y kochaj\u0105ce domki. Wi\u0119cej zdj\u0119\u0107 szczeni\u0105t w zak\u0142adce Galeria Matka: Mery Klan-Biewer Rott (FCI ) M.CH.P Ojciec: Portos Klan-Biewer Rott <a class=\"more-link\" href=\"https:\/\/perladelsud.pl\/index.php\/pl\/szczeniaki\/miot-2018-r\/miot-j\/\">Continue Reading \u2192<\/a><\/p>\n","protected":false},"author":1,"featured_media":0,"parent":738,"menu_order":2,"comment_status":"closed","ping_status":"closed","template":"","meta":[],"_links":{"self":[{"href":"https:\/\/perladelsud.pl\/index.php\/wp-json\/wp\/v2\/pages\/706"}],"collection":[{"href":"https:\/\/perladelsud.pl\/index.php\/wp-json\/wp\/v2\/pages"}],"about":[{"href":"https:\/\/perladelsud.pl\/index.php\/wp-json\/wp\/v2\/types\/page"}],"author":[{"embeddable":true,"href":"https:\/\/perladelsud.pl\/index.php\/wp-json\/wp\/v2\/users\/1"}],"replies":[{"embeddable":true,"href":"https:\/\/perladelsud.pl\/index.php\/wp-json\/wp\/v2\/comments?post=706"}],"version-history":[{"count":0,"href":"https:\/\/perladelsud.pl\/index.php\/wp-json\/wp\/v2\/pages\/706\/revisions"}],"up":[{"embeddable":true,"href":"https:\/\/perladelsud.pl\/index.php\/wp-json\/wp\/v2\/pages\/738"}],"wp:attachment":[{"href":"https:\/\/perladelsud.pl\/index.php\/wp-json\/wp\/v2\/media?parent=706"}],"curies":[{"name":"wp","href":"https:\/\/api.w.org\/{rel}","templated":true}]}}