{"id":758,"date":"2018-11-24T14:22:45","date_gmt":"2018-11-24T13:22:45","guid":{"rendered":"http:\/\/perladelsud.pl\/?page_id=758"},"modified":"2018-11-24T14:24:11","modified_gmt":"2018-11-24T13:24:11","slug":"miot-urodzony-2016","status":"publish","type":"page","link":"https:\/\/perladelsud.pl\/index.php\/pl\/galeria\/miot-urodzony-2016\/","title":{"rendered":"Miot urodzony 2016"},"content":{"rendered":"<p><strong>Miot D<\/strong> urodzony :03.08.2016 : , 2 pieski, 1 suczka<\/p>\n<p>Rodzice szczeni\u0105t to:<br \/>\nMatka: Amelia Klan-Biewer Rott (FCI ) M\u0142odzie\u017cowy Champion Polski<br \/>\nOjciec: Amber York Pacco-Prince (FCI) M\u0142odzie\u017cowy Champion Polski, Champion Polski<\/p>\n\n\t\t<style type=\"text\/css\">\n\t\t\t#gallery-1 {\n\t\t\t\tmargin: auto;\n\t\t\t}\n\t\t\t#gallery-1 .gallery-item {\n\t\t\t\tfloat: left;\n\t\t\t\tmargin-top: 10px;\n\t\t\t\ttext-align: center;\n\t\t\t\twidth: 50%;\n\t\t\t}\n\t\t\t#gallery-1 img {\n\t\t\t\tborder: 2px solid #cfcfcf;\n\t\t\t}\n\t\t\t#gallery-1 .gallery-caption {\n\t\t\t\tmargin-left: 0;\n\t\t\t}\n\t\t\t\/* see gallery_shortcode() in wp-includes\/media.php *\/\n\t\t<\/style>\n\t\t<div id='gallery-1' class='gallery galleryid-758 gallery-columns-2 gallery-size-medium'><dl class='gallery-item'>\n\t\t\t<dt class='gallery-icon landscape'>\n\t\t\t\t<a href='https:\/\/perladelsud.pl\/wp-content\/uploads\/2016\/02\/IMG_8966-e1480328729827.jpg'><img width=\"300\" height=\"200\" src=\"https:\/\/perladelsud.pl\/wp-content\/uploads\/2016\/02\/IMG_8966-300x200.jpg\" class=\"attachment-medium size-medium\" alt=\"\" decoding=\"async\" loading=\"lazy\" aria-describedby=\"gallery-1-470\" srcset=\"https:\/\/perladelsud.pl\/wp-content\/uploads\/2016\/02\/IMG_8966-300x200.jpg 300w, https:\/\/perladelsud.pl\/wp-content\/uploads\/2016\/02\/IMG_8966-768x513.jpg 768w, https:\/\/perladelsud.pl\/wp-content\/uploads\/2016\/02\/IMG_8966-e1480328729827.jpg 1024w\" sizes=\"(max-width: 300px) 100vw, 300px\" \/><\/a>\n\t\t\t<\/dt>\n\t\t\t\t<dd class='wp-caption-text gallery-caption' id='gallery-1-470'>\n\t\t\t\tDemi  Perla del Sud (FCI) mieszka w Londynie\n\t\t\t\t<\/dd><\/dl><dl class='gallery-item'>\n\t\t\t<dt class='gallery-icon landscape'>\n\t\t\t\t<a href='https:\/\/perladelsud.pl\/wp-content\/uploads\/2016\/02\/IMG_8994-e1480328748220.jpg'><img width=\"300\" height=\"216\" src=\"https:\/\/perladelsud.pl\/wp-content\/uploads\/2016\/02\/IMG_8994-300x216.jpg\" class=\"attachment-medium size-medium\" alt=\"\" decoding=\"async\" loading=\"lazy\" aria-describedby=\"gallery-1-471\" srcset=\"https:\/\/perladelsud.pl\/wp-content\/uploads\/2016\/02\/IMG_8994-300x216.jpg 300w, https:\/\/perladelsud.pl\/wp-content\/uploads\/2016\/02\/IMG_8994-768x554.jpg 768w, https:\/\/perladelsud.pl\/wp-content\/uploads\/2016\/02\/IMG_8994-e1480328748220.jpg 1024w\" sizes=\"(max-width: 300px) 100vw, 300px\" \/><\/a>\n\t\t\t<\/dt>\n\t\t\t\t<dd class='wp-caption-text gallery-caption' id='gallery-1-471'>\n\t\t\t\tDenis Perla del Sud (FCI) mieszka w Warszawie\n\t\t\t\t<\/dd><\/dl><br style=\"clear: both\" \/><dl class='gallery-item'>\n\t\t\t<dt class='gallery-icon landscape'>\n\t\t\t\t<a href='https:\/\/perladelsud.pl\/wp-content\/uploads\/2016\/02\/IMG_9090-e1480328763422.jpg'><img width=\"300\" height=\"200\" src=\"https:\/\/perladelsud.pl\/wp-content\/uploads\/2016\/02\/IMG_9090-300x200.jpg\" class=\"attachment-medium size-medium\" alt=\"\" decoding=\"async\" loading=\"lazy\" aria-describedby=\"gallery-1-472\" srcset=\"https:\/\/perladelsud.pl\/wp-content\/uploads\/2016\/02\/IMG_9090-300x200.jpg 300w, https:\/\/perladelsud.pl\/wp-content\/uploads\/2016\/02\/IMG_9090-768x513.jpg 768w, https:\/\/perladelsud.pl\/wp-content\/uploads\/2016\/02\/IMG_9090-e1480328763422.jpg 1024w\" sizes=\"(max-width: 300px) 100vw, 300px\" \/><\/a>\n\t\t\t<\/dt>\n\t\t\t\t<dd class='wp-caption-text gallery-caption' id='gallery-1-472'>\n\t\t\t\tDexter  Perla del Sud (FCI) mieszka na W\u0119grzech\n\t\t\t\t<\/dd><\/dl>\n\t\t\t<br style='clear: both' \/>\n\t\t<\/div>\n\n","protected":false},"excerpt":{"rendered":"<p>Miot D urodzony :03.08.2016 : , 2 pieski, 1 suczka Rodzice szczeni\u0105t to: Matka: Amelia Klan-Biewer Rott (FCI ) M\u0142odzie\u017cowy Champion Polski Ojciec: Amber York Pacco-Prince (FCI) M\u0142odzie\u017cowy Champion Polski, <a class=\"more-link\" href=\"https:\/\/perladelsud.pl\/index.php\/pl\/galeria\/miot-urodzony-2016\/\">Continue Reading \u2192<\/a><\/p>\n","protected":false},"author":1,"featured_media":0,"parent":192,"menu_order":5,"comment_status":"closed","ping_status":"closed","template":"","meta":[],"_links":{"self":[{"href":"https:\/\/perladelsud.pl\/index.php\/wp-json\/wp\/v2\/pages\/758"}],"collection":[{"href":"https:\/\/perladelsud.pl\/index.php\/wp-json\/wp\/v2\/pages"}],"about":[{"href":"https:\/\/perladelsud.pl\/index.php\/wp-json\/wp\/v2\/types\/page"}],"author":[{"embeddable":true,"href":"https:\/\/perladelsud.pl\/index.php\/wp-json\/wp\/v2\/users\/1"}],"replies":[{"embeddable":true,"href":"https:\/\/perladelsud.pl\/index.php\/wp-json\/wp\/v2\/comments?post=758"}],"version-history":[{"count":0,"href":"https:\/\/perladelsud.pl\/index.php\/wp-json\/wp\/v2\/pages\/758\/revisions"}],"up":[{"embeddable":true,"href":"https:\/\/perladelsud.pl\/index.php\/wp-json\/wp\/v2\/pages\/192"}],"wp:attachment":[{"href":"https:\/\/perladelsud.pl\/index.php\/wp-json\/wp\/v2\/media?parent=758"}],"curies":[{"name":"wp","href":"https:\/\/api.w.org\/{rel}","templated":true}]}}