{"id":865,"date":"2019-04-26T19:46:51","date_gmt":"2019-04-26T17:46:51","guid":{"rendered":"http:\/\/perladelsud.pl\/?page_id=865"},"modified":"2019-04-26T19:46:51","modified_gmt":"2019-04-26T17:46:51","slug":"miot-l","status":"publish","type":"page","link":"https:\/\/perladelsud.pl\/index.php\/pl\/szczeniaki\/miot-2019-r\/miot-l\/","title":{"rendered":"Miot L"},"content":{"rendered":"<p><strong>Miot L<\/strong> urodzony 3.02.2019: 2 suczki 1 piesek<br \/>\nWszystkie szczeni\u0119ta znalaz\u0142y kochaj\u0105ce domki. Wi\u0119cej zdj\u0119\u0107 szczeni\u0105t w zak\u0142adce Galeria<\/p>\n<p>Matka: Mery Klan Biewer Rott (FCI)<br \/>\nOjciec: Portos Klan Biewer Rott (FCI)<\/p>\n\n\t\t<style type=\"text\/css\">\n\t\t\t#gallery-1 {\n\t\t\t\tmargin: auto;\n\t\t\t}\n\t\t\t#gallery-1 .gallery-item {\n\t\t\t\tfloat: left;\n\t\t\t\tmargin-top: 10px;\n\t\t\t\ttext-align: center;\n\t\t\t\twidth: 50%;\n\t\t\t}\n\t\t\t#gallery-1 img {\n\t\t\t\tborder: 2px solid #cfcfcf;\n\t\t\t}\n\t\t\t#gallery-1 .gallery-caption {\n\t\t\t\tmargin-left: 0;\n\t\t\t}\n\t\t\t\/* see gallery_shortcode() in wp-includes\/media.php *\/\n\t\t<\/style>\n\t\t<div id='gallery-1' class='gallery galleryid-865 gallery-columns-2 gallery-size-medium'><dl class='gallery-item'>\n\t\t\t<dt class='gallery-icon landscape'>\n\t\t\t\t<a href='https:\/\/perladelsud.pl\/wp-content\/uploads\/2019\/04\/szecz-447.jpg'><img width=\"300\" height=\"278\" src=\"https:\/\/perladelsud.pl\/wp-content\/uploads\/2019\/04\/szecz-447-300x278.jpg\" class=\"attachment-medium size-medium\" alt=\"\" decoding=\"async\" loading=\"lazy\" srcset=\"https:\/\/perladelsud.pl\/wp-content\/uploads\/2019\/04\/szecz-447-300x278.jpg 300w, https:\/\/perladelsud.pl\/wp-content\/uploads\/2019\/04\/szecz-447-768x711.jpg 768w, https:\/\/perladelsud.pl\/wp-content\/uploads\/2019\/04\/szecz-447.jpg 830w\" sizes=\"(max-width: 300px) 100vw, 300px\" \/><\/a>\n\t\t\t<\/dt><\/dl><dl class='gallery-item'>\n\t\t\t<dt class='gallery-icon landscape'>\n\t\t\t\t<a href='https:\/\/perladelsud.pl\/wp-content\/uploads\/2019\/04\/szecz-502.jpg'><img width=\"300\" height=\"243\" src=\"https:\/\/perladelsud.pl\/wp-content\/uploads\/2019\/04\/szecz-502-300x243.jpg\" class=\"attachment-medium size-medium\" alt=\"\" decoding=\"async\" loading=\"lazy\" srcset=\"https:\/\/perladelsud.pl\/wp-content\/uploads\/2019\/04\/szecz-502-300x243.jpg 300w, https:\/\/perladelsud.pl\/wp-content\/uploads\/2019\/04\/szecz-502.jpg 763w\" sizes=\"(max-width: 300px) 100vw, 300px\" \/><\/a>\n\t\t\t<\/dt><\/dl><br style=\"clear: both\" \/><dl class='gallery-item'>\n\t\t\t<dt class='gallery-icon landscape'>\n\t\t\t\t<a href='https:\/\/perladelsud.pl\/wp-content\/uploads\/2019\/04\/szecz-512.jpg'><img width=\"300\" height=\"238\" src=\"https:\/\/perladelsud.pl\/wp-content\/uploads\/2019\/04\/szecz-512-300x238.jpg\" class=\"attachment-medium size-medium\" alt=\"\" decoding=\"async\" loading=\"lazy\" srcset=\"https:\/\/perladelsud.pl\/wp-content\/uploads\/2019\/04\/szecz-512-300x238.jpg 300w, https:\/\/perladelsud.pl\/wp-content\/uploads\/2019\/04\/szecz-512-768x609.jpg 768w, https:\/\/perladelsud.pl\/wp-content\/uploads\/2019\/04\/szecz-512.jpg 969w\" sizes=\"(max-width: 300px) 100vw, 300px\" \/><\/a>\n\t\t\t<\/dt><\/dl>\n\t\t\t<br style='clear: both' \/>\n\t\t<\/div>\n\n\n\t\t<style type=\"text\/css\">\n\t\t\t#gallery-2 {\n\t\t\t\tmargin: auto;\n\t\t\t}\n\t\t\t#gallery-2 .gallery-item {\n\t\t\t\tfloat: left;\n\t\t\t\tmargin-top: 10px;\n\t\t\t\ttext-align: center;\n\t\t\t\twidth: 50%;\n\t\t\t}\n\t\t\t#gallery-2 img {\n\t\t\t\tborder: 2px solid #cfcfcf;\n\t\t\t}\n\t\t\t#gallery-2 .gallery-caption {\n\t\t\t\tmargin-left: 0;\n\t\t\t}\n\t\t\t\/* see gallery_shortcode() in wp-includes\/media.php *\/\n\t\t<\/style>\n\t\t<div id='gallery-2' class='gallery galleryid-865 gallery-columns-2 gallery-size-medium'><dl class='gallery-item'>\n\t\t\t<dt class='gallery-icon portrait'>\n\t\t\t\t<a href='https:\/\/perladelsud.pl\/wp-content\/uploads\/2016\/02\/Obraz-016-2-e1505294994144.jpg'><img width=\"262\" height=\"300\" src=\"https:\/\/perladelsud.pl\/wp-content\/uploads\/2016\/02\/Obraz-016-2-262x300.jpg\" class=\"attachment-medium size-medium\" alt=\"\" decoding=\"async\" loading=\"lazy\" aria-describedby=\"gallery-2-501\" srcset=\"https:\/\/perladelsud.pl\/wp-content\/uploads\/2016\/02\/Obraz-016-2-262x300.jpg 262w, https:\/\/perladelsud.pl\/wp-content\/uploads\/2016\/02\/Obraz-016-2-768x879.jpg 768w, https:\/\/perladelsud.pl\/wp-content\/uploads\/2016\/02\/Obraz-016-2-894x1024.jpg 894w, https:\/\/perladelsud.pl\/wp-content\/uploads\/2016\/02\/Obraz-016-2-e1505294994144.jpg 594w\" sizes=\"(max-width: 262px) 100vw, 262px\" \/><\/a>\n\t\t\t<\/dt>\n\t\t\t\t<dd class='wp-caption-text gallery-caption' id='gallery-2-501'>\n\t\t\t\tMary  Klan-Biewer Rott (FCI )\n\t\t\t\t<\/dd><\/dl><dl class='gallery-item'>\n\t\t\t<dt class='gallery-icon portrait'>\n\t\t\t\t<a href='https:\/\/perladelsud.pl\/wp-content\/uploads\/2018\/06\/15087014_1303908609639687_1531997566_n.jpg'><img width=\"222\" height=\"300\" src=\"https:\/\/perladelsud.pl\/wp-content\/uploads\/2018\/06\/15087014_1303908609639687_1531997566_n-222x300.jpg\" class=\"attachment-medium size-medium\" alt=\"\" decoding=\"async\" loading=\"lazy\" aria-describedby=\"gallery-2-660\" srcset=\"https:\/\/perladelsud.pl\/wp-content\/uploads\/2018\/06\/15087014_1303908609639687_1531997566_n-222x300.jpg 222w, https:\/\/perladelsud.pl\/wp-content\/uploads\/2018\/06\/15087014_1303908609639687_1531997566_n.jpg 400w\" sizes=\"(max-width: 222px) 100vw, 222px\" \/><\/a>\n\t\t\t<\/dt>\n\t\t\t\t<dd class='wp-caption-text gallery-caption' id='gallery-2-660'>\n\t\t\t\tPortos Klan-Biewer Rott (FCI ) \n\t\t\t\t<\/dd><\/dl><br style=\"clear: both\" \/>\n\t\t<\/div>\n\n","protected":false},"excerpt":{"rendered":"<p>Miot L urodzony 3.02.2019: 2 suczki 1 piesek Wszystkie szczeni\u0119ta znalaz\u0142y kochaj\u0105ce domki. Wi\u0119cej zdj\u0119\u0107 szczeni\u0105t w zak\u0142adce Galeria Matka: Mery Klan Biewer Rott (FCI) Ojciec: Portos Klan Biewer Rott <a class=\"more-link\" href=\"https:\/\/perladelsud.pl\/index.php\/pl\/szczeniaki\/miot-2019-r\/miot-l\/\">Continue Reading \u2192<\/a><\/p>\n","protected":false},"author":1,"featured_media":0,"parent":863,"menu_order":5,"comment_status":"closed","ping_status":"closed","template":"","meta":[],"_links":{"self":[{"href":"https:\/\/perladelsud.pl\/index.php\/wp-json\/wp\/v2\/pages\/865"}],"collection":[{"href":"https:\/\/perladelsud.pl\/index.php\/wp-json\/wp\/v2\/pages"}],"about":[{"href":"https:\/\/perladelsud.pl\/index.php\/wp-json\/wp\/v2\/types\/page"}],"author":[{"embeddable":true,"href":"https:\/\/perladelsud.pl\/index.php\/wp-json\/wp\/v2\/users\/1"}],"replies":[{"embeddable":true,"href":"https:\/\/perladelsud.pl\/index.php\/wp-json\/wp\/v2\/comments?post=865"}],"version-history":[{"count":0,"href":"https:\/\/perladelsud.pl\/index.php\/wp-json\/wp\/v2\/pages\/865\/revisions"}],"up":[{"embeddable":true,"href":"https:\/\/perladelsud.pl\/index.php\/wp-json\/wp\/v2\/pages\/863"}],"wp:attachment":[{"href":"https:\/\/perladelsud.pl\/index.php\/wp-json\/wp\/v2\/media?parent=865"}],"curies":[{"name":"wp","href":"https:\/\/api.w.org\/{rel}","templated":true}]}}