{"id":948,"date":"2020-01-03T18:24:40","date_gmt":"2020-01-03T17:24:40","guid":{"rendered":"http:\/\/perladelsud.pl\/?page_id=948"},"modified":"2020-01-03T18:24:40","modified_gmt":"2020-01-03T17:24:40","slug":"miot-n","status":"publish","type":"page","link":"https:\/\/perladelsud.pl\/index.php\/pl\/szczeniaki\/miot-2019-r\/miot-n\/","title":{"rendered":"Miot N"},"content":{"rendered":"<p><strong>Miot N<\/strong> urodzony 16.08.2019: 1 suczka 2 pieski<br \/>\nWszystkie szczeni\u0119ta znalaz\u0142y kochaj\u0105ce domki. Wi\u0119cej zdj\u0119\u0107 szczeni\u0105t w zak\u0142adce Galeria<\/p>\n\n\t\t<style type=\"text\/css\">\n\t\t\t#gallery-1 {\n\t\t\t\tmargin: auto;\n\t\t\t}\n\t\t\t#gallery-1 .gallery-item {\n\t\t\t\tfloat: left;\n\t\t\t\tmargin-top: 10px;\n\t\t\t\ttext-align: center;\n\t\t\t\twidth: 50%;\n\t\t\t}\n\t\t\t#gallery-1 img {\n\t\t\t\tborder: 2px solid #cfcfcf;\n\t\t\t}\n\t\t\t#gallery-1 .gallery-caption {\n\t\t\t\tmargin-left: 0;\n\t\t\t}\n\t\t\t\/* see gallery_shortcode() in wp-includes\/media.php *\/\n\t\t<\/style>\n\t\t<div id='gallery-1' class='gallery galleryid-948 gallery-columns-2 gallery-size-medium'><dl class='gallery-item'>\n\t\t\t<dt class='gallery-icon landscape'>\n\t\t\t\t<a href='https:\/\/perladelsud.pl\/wp-content\/uploads\/2020\/01\/szecz-097-1.jpg'><img width=\"300\" height=\"255\" src=\"https:\/\/perladelsud.pl\/wp-content\/uploads\/2020\/01\/szecz-097-1-300x255.jpg\" class=\"attachment-medium size-medium\" alt=\"\" decoding=\"async\" loading=\"lazy\" srcset=\"https:\/\/perladelsud.pl\/wp-content\/uploads\/2020\/01\/szecz-097-1-300x255.jpg 300w, https:\/\/perladelsud.pl\/wp-content\/uploads\/2020\/01\/szecz-097-1-768x653.jpg 768w, https:\/\/perladelsud.pl\/wp-content\/uploads\/2020\/01\/szecz-097-1.jpg 903w\" sizes=\"(max-width: 300px) 100vw, 300px\" \/><\/a>\n\t\t\t<\/dt><\/dl><dl class='gallery-item'>\n\t\t\t<dt class='gallery-icon portrait'>\n\t\t\t\t<a href='https:\/\/perladelsud.pl\/wp-content\/uploads\/2020\/01\/szecz-103-1.jpg'><img width=\"276\" height=\"300\" src=\"https:\/\/perladelsud.pl\/wp-content\/uploads\/2020\/01\/szecz-103-1-276x300.jpg\" class=\"attachment-medium size-medium\" alt=\"\" decoding=\"async\" loading=\"lazy\" srcset=\"https:\/\/perladelsud.pl\/wp-content\/uploads\/2020\/01\/szecz-103-1-276x300.jpg 276w, https:\/\/perladelsud.pl\/wp-content\/uploads\/2020\/01\/szecz-103-1.jpg 644w\" sizes=\"(max-width: 276px) 100vw, 276px\" \/><\/a>\n\t\t\t<\/dt><\/dl><br style=\"clear: both\" \/><dl class='gallery-item'>\n\t\t\t<dt class='gallery-icon landscape'>\n\t\t\t\t<a href='https:\/\/perladelsud.pl\/wp-content\/uploads\/2020\/01\/szecz-113-1.jpg'><img width=\"300\" height=\"262\" src=\"https:\/\/perladelsud.pl\/wp-content\/uploads\/2020\/01\/szecz-113-1-300x262.jpg\" class=\"attachment-medium size-medium\" alt=\"\" decoding=\"async\" loading=\"lazy\" srcset=\"https:\/\/perladelsud.pl\/wp-content\/uploads\/2020\/01\/szecz-113-1-300x262.jpg 300w, https:\/\/perladelsud.pl\/wp-content\/uploads\/2020\/01\/szecz-113-1-768x670.jpg 768w, https:\/\/perladelsud.pl\/wp-content\/uploads\/2020\/01\/szecz-113-1.jpg 880w\" sizes=\"(max-width: 300px) 100vw, 300px\" \/><\/a>\n\t\t\t<\/dt><\/dl>\n\t\t\t<br style='clear: both' \/>\n\t\t<\/div>\n\n\n\t\t<style type=\"text\/css\">\n\t\t\t#gallery-2 {\n\t\t\t\tmargin: auto;\n\t\t\t}\n\t\t\t#gallery-2 .gallery-item {\n\t\t\t\tfloat: left;\n\t\t\t\tmargin-top: 10px;\n\t\t\t\ttext-align: center;\n\t\t\t\twidth: 50%;\n\t\t\t}\n\t\t\t#gallery-2 img {\n\t\t\t\tborder: 2px solid #cfcfcf;\n\t\t\t}\n\t\t\t#gallery-2 .gallery-caption {\n\t\t\t\tmargin-left: 0;\n\t\t\t}\n\t\t\t\/* see gallery_shortcode() in wp-includes\/media.php *\/\n\t\t<\/style>\n\t\t<div id='gallery-2' class='gallery galleryid-948 gallery-columns-2 gallery-size-medium'><dl class='gallery-item'>\n\t\t\t<dt class='gallery-icon landscape'>\n\t\t\t\t<a href='https:\/\/perladelsud.pl\/wp-content\/uploads\/2019\/02\/22450098_2005618949651682_6319653830587497139_n.jpg'><img width=\"300\" height=\"300\" src=\"https:\/\/perladelsud.pl\/wp-content\/uploads\/2019\/02\/22450098_2005618949651682_6319653830587497139_n-300x300.jpg\" class=\"attachment-medium size-medium\" alt=\"\" decoding=\"async\" loading=\"lazy\" aria-describedby=\"gallery-2-784\" srcset=\"https:\/\/perladelsud.pl\/wp-content\/uploads\/2019\/02\/22450098_2005618949651682_6319653830587497139_n-300x300.jpg 300w, https:\/\/perladelsud.pl\/wp-content\/uploads\/2019\/02\/22450098_2005618949651682_6319653830587497139_n-150x150.jpg 150w, https:\/\/perladelsud.pl\/wp-content\/uploads\/2019\/02\/22450098_2005618949651682_6319653830587497139_n.jpg 597w\" sizes=\"(max-width: 300px) 100vw, 300px\" \/><\/a>\n\t\t\t<\/dt>\n\t\t\t\t<dd class='wp-caption-text gallery-caption' id='gallery-2-784'>\n\t\t\t\tAndre Mademoisele Iwet(FCI) \n\t\t\t\t<\/dd><\/dl><dl class='gallery-item'>\n\t\t\t<dt class='gallery-icon landscape'>\n\t\t\t\t<a href='https:\/\/perladelsud.pl\/wp-content\/uploads\/2018\/06\/17635153_1908936422653269_1440728588122334472_o-1-e1528793793476.jpg'><img width=\"300\" height=\"276\" src=\"https:\/\/perladelsud.pl\/wp-content\/uploads\/2018\/06\/17635153_1908936422653269_1440728588122334472_o-1-300x276.jpg\" class=\"attachment-medium size-medium\" alt=\"\" decoding=\"async\" loading=\"lazy\" aria-describedby=\"gallery-2-632\" srcset=\"https:\/\/perladelsud.pl\/wp-content\/uploads\/2018\/06\/17635153_1908936422653269_1440728588122334472_o-1-300x276.jpg 300w, https:\/\/perladelsud.pl\/wp-content\/uploads\/2018\/06\/17635153_1908936422653269_1440728588122334472_o-1-768x708.jpg 768w, https:\/\/perladelsud.pl\/wp-content\/uploads\/2018\/06\/17635153_1908936422653269_1440728588122334472_o-1-1024x944.jpg 1024w, https:\/\/perladelsud.pl\/wp-content\/uploads\/2018\/06\/17635153_1908936422653269_1440728588122334472_o-1-e1528793793476.jpg 1025w\" sizes=\"(max-width: 300px) 100vw, 300px\" \/><\/a>\n\t\t\t<\/dt>\n\t\t\t\t<dd class='wp-caption-text gallery-caption' id='gallery-2-632'>\n\t\t\t\tSuzanne Prinzess  Klan-Biewer Rott (FCI ) M.CH.P\n\t\t\t\t<\/dd><\/dl><br style=\"clear: both\" \/>\n\t\t<\/div>\n\n","protected":false},"excerpt":{"rendered":"<p>Miot N urodzony 16.08.2019: 1 suczka 2 pieski Wszystkie szczeni\u0119ta znalaz\u0142y kochaj\u0105ce domki. Wi\u0119cej zdj\u0119\u0107 szczeni\u0105t w zak\u0142adce Galeria<\/p>\n","protected":false},"author":1,"featured_media":0,"parent":863,"menu_order":0,"comment_status":"closed","ping_status":"closed","template":"","meta":[],"_links":{"self":[{"href":"https:\/\/perladelsud.pl\/index.php\/wp-json\/wp\/v2\/pages\/948"}],"collection":[{"href":"https:\/\/perladelsud.pl\/index.php\/wp-json\/wp\/v2\/pages"}],"about":[{"href":"https:\/\/perladelsud.pl\/index.php\/wp-json\/wp\/v2\/types\/page"}],"author":[{"embeddable":true,"href":"https:\/\/perladelsud.pl\/index.php\/wp-json\/wp\/v2\/users\/1"}],"replies":[{"embeddable":true,"href":"https:\/\/perladelsud.pl\/index.php\/wp-json\/wp\/v2\/comments?post=948"}],"version-history":[{"count":0,"href":"https:\/\/perladelsud.pl\/index.php\/wp-json\/wp\/v2\/pages\/948\/revisions"}],"up":[{"embeddable":true,"href":"https:\/\/perladelsud.pl\/index.php\/wp-json\/wp\/v2\/pages\/863"}],"wp:attachment":[{"href":"https:\/\/perladelsud.pl\/index.php\/wp-json\/wp\/v2\/media?parent=948"}],"curies":[{"name":"wp","href":"https:\/\/api.w.org\/{rel}","templated":true}]}}